{"id":203,"date":"2025-09-24T10:53:55","date_gmt":"2025-09-24T14:53:55","guid":{"rendered":"https:\/\/loasis.portquebec.ca\/infos-pratiques\/comment-me-rendre\/"},"modified":"2025-11-12T09:49:15","modified_gmt":"2025-11-12T14:49:15","slug":"how-to-get-there","status":"publish","type":"page","link":"https:\/\/loasis.portquebec.ca\/en\/how-to-get-there\/","title":{"rendered":"How to get there"},"content":{"rendered":"\t<div class=\"item component-block-page-header wave wave--in-title wave--flipped wave--1 wave--color-1\">\n\t\t<div class=\"container\">\n\t\t\t<div class=\"block-page-header \">\n\t\t\t\t<div class=\"block-page-header__title\">\n\t\t\t\t\t<h1 class=\"h1\">How do I get to Port of Qu\u00e9bec Oasis?<\/h1>\n\t\t\t\t\t\t\t\t\t\t\t<div class=\"wysiwyg\">\n\t\t\t\t\t\t\t<p>You can get to Port of Qu\u00e9bec Oasis by foot, bike, public transport and car. If you are arriving from L\u00e9vis, the ferry is also a nice option, since the terminal is only a few minutes\u2019 walk from the Oasis.<\/p>\n\n\t\t\t\t\t\t<\/div>\n\t\t\t\t\t\t\t\t\t<\/div>\n\t\t\t\t\t\t\t<\/div>\n\t\t<\/div>\n\t<\/div>\n\n\n\t<div class=\"item component-block-transportation background-color--1 \">\n\t\t<div class=\"container container--small\">\n\t\t\t<div class=\"block-transportation\">\n\t\t\t\t\t\t\t\t<div class=\"block-transportation__list\" role=\"list\">\n\t\t\t\t\t\t\t\t\t\t\t<div class=\"block-transportation__item\" role=\"listitem\">\n\t\t\t\t\t\t\t\t\t\t\t\t\t\t\t<div class=\"block-transportation__content block-transportation__content--has-image\">\n\t\t\t\t\t\t\t\t\t\t\t\t\t\t\t\t\t\t\t<div class=\"block-transportation__image\">\n\t\t\t\t\t\t\t\t\t\t\t<img loading=\"lazy\" decoding=\"async\" width=\"1\" height=\"1\" src=\"https:\/\/loasis.portquebec.ca\/wp-content\/uploads\/2025\/10\/bus.svg\" class=\"attachment-320_296 size-320_296\" alt=\"Illustration of a bus\" \/>\n\t\t\t\t\t\t\t\t\t\t<\/div>\n\t\t\t\t\t\t\t\t\t\t\t\t\t\t\t\t\t\t\t\t\t\t\t\t\t\t\t\t<div class=\"block-transportation__text wysiwyg\">\n\t\t\t\t\t\t\t\t\t\t\t\t\t\t\t\t\t\t\t\t\t\t\t<h2 class=\"h3\">By Public Transit<\/h2>\n\t\t\t\t\t\t\t\t\t\t\t\t\t\t\t\t\t\t\t\t\t\t\t\t\t\t\t\t\t\t\t\t\t\t<p>Qu\u00e9bec City\u2019s public bus network offers multiple routes to get to the Port of Qu\u00e9bec Oasis.<\/p>\n\n\t\t\t\t\t\t\t\t\t\t\t\t\t\t\t\t\t\t\t\t\t<\/div>\n\t\t\t\t\t\t\t\t\t\t\t\t\t\t\t\t\t<\/div>\n\t\t\t\t\t\t\t\n\t\t\t\t\t\t\t\t\t\t\t\t\t\t\t<ul class=\"bus\">\n\t\t\t\t\t\t\t\t\t\t\t\t\t\t\t\t\t\t\t<li class=\"bus__item\">\n\t\t\t\t\t\t\t\t\t\t\t<p class=\"bus__number\"><span class=\"visuallyhidden\">Routes<\/span>01<\/p>\n\t\t\t\t\t\t\t\t\t\t\t<div class=\"bus__description wysiwyg\"><p>From Belv\u00e9d\u00e8re station to the ferry terminal, route 1 provides access to the Qu\u00e9bec-L\u00e9vis crossing. When you get off at the Dalhousie stop, there is only a 7-minute walk to get to the Oasis.<\/p>\n<\/div>\n\t\t\t\t\t\t\t\t\t\t<\/li>\n\t\t\t\t\t\t\t\t\t\t\t\t\t\t\t\t\t\t\t<li class=\"bus__item\">\n\t\t\t\t\t\t\t\t\t\t\t<p class=\"bus__number\"><span class=\"visuallyhidden\">Routes<\/span>11<\/p>\n\t\t\t\t\t\t\t\t\t\t\t<div class=\"bus__description wysiwyg\"><p>Serving Old Qu\u00e9bec, route 11 will drop you off near the Oasis, at the Dalhousie stop.<\/p>\n<\/div>\n\t\t\t\t\t\t\t\t\t\t<\/li>\n\t\t\t\t\t\t\t\t\t\t\t\t\t\t\t\t\t\t\t<li class=\"bus__item\">\n\t\t\t\t\t\t\t\t\t\t\t<p class=\"bus__number\"><span class=\"visuallyhidden\">Routes<\/span>801<\/p>\n\t\t\t\t\t\t\t\t\t\t\t<div class=\"bus__description wysiwyg\"><p>From Charlesbourg to Pointe-de-Sainte-Foy, get off at the Youville stop on Rue Saint-Jean. From here you can reach the Port of Qu\u00e9bec Oasis, which is just a 15-minute walk away.<\/p>\n<\/div>\n\t\t\t\t\t\t\t\t\t\t<\/li>\n\t\t\t\t\t\t\t\t\t\t\t\t\t\t\t\t\t\t\t<li class=\"bus__item\">\n\t\t\t\t\t\t\t\t\t\t\t<p class=\"bus__number\"><span class=\"visuallyhidden\">Routes<\/span>800<\/p>\n\t\t\t\t\t\t\t\t\t\t\t<div class=\"bus__description wysiwyg\"><p>From the Chute-Montmorency terminus to Pointe-de-Sainte-Foy, get off at the Youville stop on Rue Saint-Jean. From there, the Oasis is only a 15-minute walk away.<\/p>\n<\/div>\n\t\t\t\t\t\t\t\t\t\t<\/li>\n\t\t\t\t\t\t\t\t\t\t\t\t\t\t\t\t\t<\/ul>\n\t\t\t\t\t\t\t\t\t\t\t\t\t<\/div>\n\t\t\t\t\t\t\t\t\t\t\t<div class=\"block-transportation__item\" role=\"listitem\">\n\t\t\t\t\t\t\t\t\t\t\t\t\t\t\t<div class=\"block-transportation__content block-transportation__content--has-image\">\n\t\t\t\t\t\t\t\t\t\t\t\t\t\t\t\t\t\t\t<div class=\"block-transportation__image\">\n\t\t\t\t\t\t\t\t\t\t\t<img loading=\"lazy\" decoding=\"async\" width=\"1\" height=\"1\" src=\"https:\/\/loasis.portquebec.ca\/wp-content\/uploads\/2025\/10\/icon_bike.svg\" class=\"attachment-320_296 size-320_296\" alt=\"Illustration of a bike\" \/>\n\t\t\t\t\t\t\t\t\t\t<\/div>\n\t\t\t\t\t\t\t\t\t\t\t\t\t\t\t\t\t\t\t\t\t\t\t\t\t\t\t\t<div class=\"block-transportation__text wysiwyg\">\n\t\t\t\t\t\t\t\t\t\t\t\t\t\t\t\t\t\t\t\t\t\t\t<h2 class=\"h3\">By bike<\/h2>\n\t\t\t\t\t\t\t\t\t\t\t\t\t\t\t\t\t\t\t\t\t\t\t\t\t\t\t\t\t\t\t\t\t\t<p>Whether you arrive by bike on the Champlain Boulevard bike path, the Coastal Corridor or the Cheminots Corridor, or you take the Quebec-L\u00e9vis ferry, the region\u2019s network of bike paths makes biking to the Port of Qu\u00e9bec Oasis easy. Bike racks are available on site and nearby so that you are free to enjoy all that the Oasis has to offer.<\/p>\n\n\t\t\t\t\t\t\t\t\t\t\t\t\t\t\t\t\t\t\t\t\t<\/div>\n\t\t\t\t\t\t\t\t\t\t\t\t\t\t\t\t\t<\/div>\n\t\t\t\t\t\t\t\n\t\t\t\t\t\t\t\t\t\t\t\t\t<\/div>\n\t\t\t\t\t\t\t\t\t\t\t<div class=\"block-transportation__item\" role=\"listitem\">\n\t\t\t\t\t\t\t\t\t\t\t\t\t\t\t<div class=\"block-transportation__content block-transportation__content--has-image\">\n\t\t\t\t\t\t\t\t\t\t\t\t\t\t\t\t\t\t\t<div class=\"block-transportation__image\">\n\t\t\t\t\t\t\t\t\t\t\t<img loading=\"lazy\" decoding=\"async\" width=\"1\" height=\"1\" src=\"https:\/\/loasis.portquebec.ca\/wp-content\/uploads\/2025\/10\/voiture-1.svg\" class=\"attachment-320_296 size-320_296\" alt=\"Illustration of a car\" \/>\n\t\t\t\t\t\t\t\t\t\t<\/div>\n\t\t\t\t\t\t\t\t\t\t\t\t\t\t\t\t\t\t\t\t\t\t\t\t\t\t\t\t<div class=\"block-transportation__text wysiwyg\">\n\t\t\t\t\t\t\t\t\t\t\t\t\t\t\t\t\t\t\t\t\t\t\t<h2 class=\"h3\"> By car<\/h2>\n\t\t\t\t\t\t\t\t\t\t\t\t\t\t\t\t\t\t\t\t\t\t\t\t\t\t\t\t\t\t\t\t\t\t<p>You can get to the Port of Qu\u00e9bec Oasis by car. Several parking lots are available nearby to park your vehicle. Some parking lots also have charging stations for electric vehicles.<\/p>\n\n\t\t\t\t\t\t\t\t\t\t\t\t\t\t\t\t\t\t\t\t\t<\/div>\n\t\t\t\t\t\t\t\t\t\t\t\t\t\t\t\t\t<\/div>\n\t\t\t\t\t\t\t\n\t\t\t\t\t\t\t\t\t\t\t\t\t<\/div>\n\t\t\t\t\t\t\t\t\t<\/div>\n\t\t\t<\/div>\n\t\t<\/div>\n\t<\/div>\n\n\n\t<div class=\"item component-block-google-map background-color--1 wave wave--1 wave--color-1\">\n\t\t<div  id=\"parking\"  class=\"container\">\n\t\t\t<div class=\"block-google-map\">\n\t\t\t\t\t\t\t\t\t<h2 class=\"h2\">Parking map<\/h2>\n\t\t\t\t\n\t\t\t\t<div>\n\t\t\t\t\t<div aria-hidden=\"true\" focusable=\"false\">\n\t\t\t\t\t\t<iframe src=\"https:\/\/www.google.com\/maps\/embed?pb=!1m16!1m12!1m3!1d3246.9405806896298!2d-71.2062308749454!3d46.81729175258157!2m3!1f0!2f0!3f0!3m2!1i1024!2i768!4f13.1!2m1!1sstationnement!5e0!3m2!1sen!2sca!4v1762367875258!5m2!1sen!2sca\" width=\"600\" height=\"450\" style=\"border:0;\" allowfullscreen=\"\" loading=\"lazy\" referrerpolicy=\"no-referrer-when-downgrade\"><\/iframe>\n\t\t\t\t\t<\/div>\n\n\t\t\t\t\t\t\t\t\t<\/div>\n\t\t\t<\/div>\n\t\t<\/div>\n\t<\/div>\n\n\n\t<div class=\"item component-block-transportation background-color--2 \">\n\t\t<div class=\"container container--small\">\n\t\t\t<div class=\"block-transportation\">\n\t\t\t\t\t\t\t\t<div class=\"block-transportation__list\" role=\"list\">\n\t\t\t\t\t\t\t\t\t\t\t<div class=\"block-transportation__item\" role=\"listitem\">\n\t\t\t\t\t\t\t\t\t\t\t\t\t\t\t<div class=\"block-transportation__content block-transportation__content--has-image\">\n\t\t\t\t\t\t\t\t\t\t\t\t\t\t\t\t\t\t\t<div class=\"block-transportation__image\">\n\t\t\t\t\t\t\t\t\t\t\t<img loading=\"lazy\" decoding=\"async\" width=\"1\" height=\"1\" src=\"https:\/\/loasis.portquebec.ca\/wp-content\/uploads\/2025\/10\/bateau-1.svg\" class=\"attachment-320_296 size-320_296\" alt=\"Illustration of a boat\" \/>\n\t\t\t\t\t\t\t\t\t\t<\/div>\n\t\t\t\t\t\t\t\t\t\t\t\t\t\t\t\t\t\t\t\t\t\t\t\t\t\t\t\t<div class=\"block-transportation__text wysiwyg\">\n\t\t\t\t\t\t\t\t\t\t\t\t\t\t\t\t\t\t\t\t\t\t\t<h2 class=\"h3\">By ferry<\/h2>\n\t\t\t\t\t\t\t\t\t\t\t\t\t\t\t\t\t\t\t\t\t\t\t\t\t\t\t\t\t\t\t\t\t\t<p>Coming from the South Shore? The Qu\u00e9bec-L\u00e9vis ferry is a great option to get to the Port of Qu\u00e9bec Oasis. From the ferry terminal, it is only a 7-minute walk to the site.<\/p>\n\n\t\t\t\t\t\t\t\t\t\t\t\t\t\t\t\t\t\t\t\t\t<\/div>\n\t\t\t\t\t\t\t\t\t\t\t\t\t\t\t\t\t<\/div>\n\t\t\t\t\t\t\t\n\t\t\t\t\t\t\t\t\t\t\t\t\t<\/div>\n\t\t\t\t\t\t\t\t\t<\/div>\n\t\t\t<\/div>\n\t\t<\/div>\n\t<\/div>\n\n\n\t<div class=\"item component-block-google-map background-color--2 \">\n\t\t<div  class=\"container\">\n\t\t\t<div class=\"block-google-map\">\n\t\t\t\t\t\t\t\t\t<h2 class=\"h2\">Ferry map<\/h2>\n\t\t\t\t\n\t\t\t\t<div>\n\t\t\t\t\t<div aria-hidden=\"true\" focusable=\"false\">\n\t\t\t\t\t\t<iframe src=\"https:\/\/www.google.com\/maps\/embed?pb=!1m12!1m8!1m3!1d10921.808314970236!2d-71.2063821!3d46.8150981!3m2!1i1024!2i768!4f13.1!2m1!1sTraversier!5e0!3m2!1sen!2sca!4v1762958937273!5m2!1sen!2sca\" width=\"600\" height=\"450\" style=\"border:0;\" allowfullscreen=\"\" loading=\"lazy\" referrerpolicy=\"no-referrer-when-downgrade\"><\/iframe>\n\t\t\t\t\t<\/div>\n\n\t\t\t\t\t\t\t\t\t<\/div>\n\t\t\t<\/div>\n\t\t<\/div>\n\t<\/div>\n","protected":false},"excerpt":{"rendered":"","protected":false},"author":1,"featured_media":0,"parent":0,"menu_order":0,"comment_status":"closed","ping_status":"closed","template":"","meta":{"_acf_changed":false,"footnotes":""},"class_list":["post-203","page","type-page","status-publish","hentry"],"acf":[],"yoast_head":"<!-- This site is optimized with the Yoast SEO plugin v26.3 - https:\/\/yoast.com\/wordpress\/plugins\/seo\/ -->\n<title>How to get there - L&#039;Oasis du Port de Qu\u00e9bec<\/title>\n<meta name=\"robots\" content=\"index, follow, max-snippet:-1, max-image-preview:large, max-video-preview:-1\" \/>\n<link rel=\"canonical\" href=\"https:\/\/loasis.portquebec.ca\/en\/how-to-get-there\/\" \/>\n<meta property=\"og:locale\" content=\"en_US\" \/>\n<meta property=\"og:type\" content=\"article\" \/>\n<meta property=\"og:title\" content=\"How to get there - L&#039;Oasis du Port de Qu\u00e9bec\" \/>\n<meta property=\"og:url\" content=\"https:\/\/loasis.portquebec.ca\/en\/how-to-get-there\/\" \/>\n<meta property=\"og:site_name\" content=\"L&#039;Oasis du Port de Qu\u00e9bec\" \/>\n<meta property=\"article:publisher\" content=\"https:\/\/www.facebook.com\/Oasisportdequebec\" \/>\n<meta property=\"article:modified_time\" content=\"2025-11-12T14:49:15+00:00\" \/>\n<meta property=\"og:image\" content=\"https:\/\/loasis.portquebec.ca\/wp-content\/uploads\/2025\/10\/oasis-og-image.png\" \/>\n\t<meta property=\"og:image:width\" content=\"1200\" \/>\n\t<meta property=\"og:image:height\" content=\"630\" \/>\n\t<meta property=\"og:image:type\" content=\"image\/png\" \/>\n<meta name=\"twitter:card\" content=\"summary_large_image\" \/>\n<script type=\"application\/ld+json\" class=\"yoast-schema-graph\">{\"@context\":\"https:\/\/schema.org\",\"@graph\":[{\"@type\":\"WebPage\",\"@id\":\"https:\/\/loasis.portquebec.ca\/en\/how-to-get-there\/\",\"url\":\"https:\/\/loasis.portquebec.ca\/en\/how-to-get-there\/\",\"name\":\"How to get there - L&#039;Oasis du Port de Qu\u00e9bec\",\"isPartOf\":{\"@id\":\"https:\/\/loasis.portquebec.ca\/en\/#website\"},\"datePublished\":\"2025-09-24T14:53:55+00:00\",\"dateModified\":\"2025-11-12T14:49:15+00:00\",\"breadcrumb\":{\"@id\":\"https:\/\/loasis.portquebec.ca\/en\/how-to-get-there\/#breadcrumb\"},\"inLanguage\":\"en-US\",\"potentialAction\":[{\"@type\":\"ReadAction\",\"target\":[\"https:\/\/loasis.portquebec.ca\/en\/how-to-get-there\/\"]}]},{\"@type\":\"BreadcrumbList\",\"@id\":\"https:\/\/loasis.portquebec.ca\/en\/how-to-get-there\/#breadcrumb\",\"itemListElement\":[{\"@type\":\"ListItem\",\"position\":1,\"name\":\"Home\",\"item\":\"https:\/\/loasis.portquebec.ca\/en\/\"},{\"@type\":\"ListItem\",\"position\":2,\"name\":\"How to get there\"}]},{\"@type\":\"WebSite\",\"@id\":\"https:\/\/loasis.portquebec.ca\/en\/#website\",\"url\":\"https:\/\/loasis.portquebec.ca\/en\/\",\"name\":\"L'Oasis du Port de Qu\u00e9bec\",\"description\":\"\",\"publisher\":{\"@id\":\"https:\/\/loasis.portquebec.ca\/en\/#organization\"},\"potentialAction\":[{\"@type\":\"SearchAction\",\"target\":{\"@type\":\"EntryPoint\",\"urlTemplate\":\"https:\/\/loasis.portquebec.ca\/en\/?s={search_term_string}\"},\"query-input\":{\"@type\":\"PropertyValueSpecification\",\"valueRequired\":true,\"valueName\":\"search_term_string\"}}],\"inLanguage\":\"en-US\"},{\"@type\":\"Organization\",\"@id\":\"https:\/\/loasis.portquebec.ca\/en\/#organization\",\"name\":\"L'Oasis du Port de Qu\u00e9bec\",\"url\":\"https:\/\/loasis.portquebec.ca\/en\/\",\"logo\":{\"@type\":\"ImageObject\",\"inLanguage\":\"en-US\",\"@id\":\"https:\/\/loasis.portquebec.ca\/en\/#\/schema\/logo\/image\/\",\"url\":\"https:\/\/loasis.portquebec.ca\/wp-content\/uploads\/2025\/10\/logo.svg\",\"contentUrl\":\"https:\/\/loasis.portquebec.ca\/wp-content\/uploads\/2025\/10\/logo.svg\",\"width\":1,\"height\":1,\"caption\":\"L'Oasis du Port de Qu\u00e9bec\"},\"image\":{\"@id\":\"https:\/\/loasis.portquebec.ca\/en\/#\/schema\/logo\/image\/\"},\"sameAs\":[\"https:\/\/www.facebook.com\/Oasisportdequebec\",\"https:\/\/www.instagram.com\/loasisduportdequebec\"]}]}<\/script>\n<!-- \/ Yoast SEO plugin. -->","yoast_head_json":{"title":"How to get there - L&#039;Oasis du Port de Qu\u00e9bec","robots":{"index":"index","follow":"follow","max-snippet":"max-snippet:-1","max-image-preview":"max-image-preview:large","max-video-preview":"max-video-preview:-1"},"canonical":"https:\/\/loasis.portquebec.ca\/en\/how-to-get-there\/","og_locale":"en_US","og_type":"article","og_title":"How to get there - L&#039;Oasis du Port de Qu\u00e9bec","og_url":"https:\/\/loasis.portquebec.ca\/en\/how-to-get-there\/","og_site_name":"L&#039;Oasis du Port de Qu\u00e9bec","article_publisher":"https:\/\/www.facebook.com\/Oasisportdequebec","article_modified_time":"2025-11-12T14:49:15+00:00","og_image":[{"width":1200,"height":630,"url":"https:\/\/loasis.portquebec.ca\/wp-content\/uploads\/2025\/10\/oasis-og-image.png","type":"image\/png"}],"twitter_card":"summary_large_image","schema":{"@context":"https:\/\/schema.org","@graph":[{"@type":"WebPage","@id":"https:\/\/loasis.portquebec.ca\/en\/how-to-get-there\/","url":"https:\/\/loasis.portquebec.ca\/en\/how-to-get-there\/","name":"How to get there - L&#039;Oasis du Port de Qu\u00e9bec","isPartOf":{"@id":"https:\/\/loasis.portquebec.ca\/en\/#website"},"datePublished":"2025-09-24T14:53:55+00:00","dateModified":"2025-11-12T14:49:15+00:00","breadcrumb":{"@id":"https:\/\/loasis.portquebec.ca\/en\/how-to-get-there\/#breadcrumb"},"inLanguage":"en-US","potentialAction":[{"@type":"ReadAction","target":["https:\/\/loasis.portquebec.ca\/en\/how-to-get-there\/"]}]},{"@type":"BreadcrumbList","@id":"https:\/\/loasis.portquebec.ca\/en\/how-to-get-there\/#breadcrumb","itemListElement":[{"@type":"ListItem","position":1,"name":"Home","item":"https:\/\/loasis.portquebec.ca\/en\/"},{"@type":"ListItem","position":2,"name":"How to get there"}]},{"@type":"WebSite","@id":"https:\/\/loasis.portquebec.ca\/en\/#website","url":"https:\/\/loasis.portquebec.ca\/en\/","name":"L'Oasis du Port de Qu\u00e9bec","description":"","publisher":{"@id":"https:\/\/loasis.portquebec.ca\/en\/#organization"},"potentialAction":[{"@type":"SearchAction","target":{"@type":"EntryPoint","urlTemplate":"https:\/\/loasis.portquebec.ca\/en\/?s={search_term_string}"},"query-input":{"@type":"PropertyValueSpecification","valueRequired":true,"valueName":"search_term_string"}}],"inLanguage":"en-US"},{"@type":"Organization","@id":"https:\/\/loasis.portquebec.ca\/en\/#organization","name":"L'Oasis du Port de Qu\u00e9bec","url":"https:\/\/loasis.portquebec.ca\/en\/","logo":{"@type":"ImageObject","inLanguage":"en-US","@id":"https:\/\/loasis.portquebec.ca\/en\/#\/schema\/logo\/image\/","url":"https:\/\/loasis.portquebec.ca\/wp-content\/uploads\/2025\/10\/logo.svg","contentUrl":"https:\/\/loasis.portquebec.ca\/wp-content\/uploads\/2025\/10\/logo.svg","width":1,"height":1,"caption":"L'Oasis du Port de Qu\u00e9bec"},"image":{"@id":"https:\/\/loasis.portquebec.ca\/en\/#\/schema\/logo\/image\/"},"sameAs":["https:\/\/www.facebook.com\/Oasisportdequebec","https:\/\/www.instagram.com\/loasisduportdequebec"]}]}},"_links":{"self":[{"href":"https:\/\/loasis.portquebec.ca\/en\/wp-json\/wp\/v2\/pages\/203","targetHints":{"allow":["GET"]}}],"collection":[{"href":"https:\/\/loasis.portquebec.ca\/en\/wp-json\/wp\/v2\/pages"}],"about":[{"href":"https:\/\/loasis.portquebec.ca\/en\/wp-json\/wp\/v2\/types\/page"}],"author":[{"embeddable":true,"href":"https:\/\/loasis.portquebec.ca\/en\/wp-json\/wp\/v2\/users\/1"}],"replies":[{"embeddable":true,"href":"https:\/\/loasis.portquebec.ca\/en\/wp-json\/wp\/v2\/comments?post=203"}],"version-history":[{"count":15,"href":"https:\/\/loasis.portquebec.ca\/en\/wp-json\/wp\/v2\/pages\/203\/revisions"}],"predecessor-version":[{"id":1858,"href":"https:\/\/loasis.portquebec.ca\/en\/wp-json\/wp\/v2\/pages\/203\/revisions\/1858"}],"wp:attachment":[{"href":"https:\/\/loasis.portquebec.ca\/en\/wp-json\/wp\/v2\/media?parent=203"}],"curies":[{"name":"wp","href":"https:\/\/api.w.org\/{rel}","templated":true}]}}