{"id":197,"date":"2025-09-24T10:50:48","date_gmt":"2025-09-24T14:50:48","guid":{"rendered":"https:\/\/loasis.portquebec.ca\/activites\/programmation\/"},"modified":"2026-04-14T13:40:51","modified_gmt":"2026-04-14T17:40:51","slug":"program","status":"publish","type":"page","link":"https:\/\/loasis.portquebec.ca\/en\/program\/","title":{"rendered":"Program"},"content":{"rendered":"\t<div class=\"item component-block-page-header wave wave--in-title wave--flipped wave--2 wave--color-1\">\n\t\t<div class=\"container\">\n\t\t\t<div class=\"block-page-header block-page-header--has-image\">\n\t\t\t\t<div class=\"block-page-header__title\">\n\t\t\t\t\t<h1 class=\"h1\">Program<\/h1>\n\t\t\t\t\t\t\t\t\t\t\t<div class=\"wysiwyg\">\n\t\t\t\t\t\t\t<p>Come enjoy the terrace bar until August 30!<\/p>\n\n\t\t\t\t\t\t<\/div>\n\t\t\t\t\t\t\t\t\t<\/div>\n\t\t\t\t\t\t\t\t\t<div class=\"block-page-header__media\">\n\t\t\t\t\t\t\n\t\t\t\t\t\t\t\t\t\t\t\t\t<div class=\"block-page-header__media__container wave--left_icon wave-full--right_icon\">\n\t\t\t\t\t\t\t\t<img loading=\"lazy\" decoding=\"async\" width=\"1488\" height=\"1096\" src=\"https:\/\/loasis.portquebec.ca\/wp-content\/uploads\/2025\/10\/cocktail-2.webp\" class=\"attachment-1488_1096 size-1488_1096\" alt=\"Two people clinking cocktails on a sunny patio.\" srcset=\"https:\/\/loasis.portquebec.ca\/wp-content\/uploads\/2025\/10\/cocktail-2.webp 1488w, https:\/\/loasis.portquebec.ca\/wp-content\/uploads\/2025\/10\/cocktail-2-300x221.webp 300w, https:\/\/loasis.portquebec.ca\/wp-content\/uploads\/2025\/10\/cocktail-2-1024x754.webp 1024w, https:\/\/loasis.portquebec.ca\/wp-content\/uploads\/2025\/10\/cocktail-2-768x566.webp 768w, https:\/\/loasis.portquebec.ca\/wp-content\/uploads\/2025\/10\/cocktail-2-1400x1031.webp 1400w, https:\/\/loasis.portquebec.ca\/wp-content\/uploads\/2025\/10\/cocktail-2-800x589.webp 800w, https:\/\/loasis.portquebec.ca\/wp-content\/uploads\/2025\/10\/cocktail-2-1369x1008.webp 1369w, https:\/\/loasis.portquebec.ca\/wp-content\/uploads\/2025\/10\/cocktail-2-1184x872.webp 1184w, https:\/\/loasis.portquebec.ca\/wp-content\/uploads\/2025\/10\/cocktail-2-1194x879.webp 1194w, https:\/\/loasis.portquebec.ca\/wp-content\/uploads\/2025\/10\/cocktail-2-790x582.webp 790w, https:\/\/loasis.portquebec.ca\/wp-content\/uploads\/2025\/10\/cocktail-2-770x567.webp 770w, https:\/\/loasis.portquebec.ca\/wp-content\/uploads\/2025\/10\/cocktail-2-562x414.webp 562w, https:\/\/loasis.portquebec.ca\/wp-content\/uploads\/2025\/10\/cocktail-2-149x110.webp 149w, https:\/\/loasis.portquebec.ca\/wp-content\/uploads\/2025\/10\/cocktail-2-320x236.webp 320w\" sizes=\"auto, (max-width: 1488px) 100vw, 1488px\" \/>\n\t\t\t\t\t\t\t<\/div>\n\t\t\t\t\t\t\t\t\t\t\t<\/div>\n\t\t\t\t\t\t\t<\/div>\n\t\t<\/div>\n\t<\/div>\n\n\n\t<div class=\"item component-block-text-two-col background-color--1 wave wave--3 wave--color-1\">\n\t\t<div class=\"container block-text-two-col\">\n\t\t\t<div class=\"block-text-two-col__left\">\n\t\t\t\t<div class=\"wysiwyg\">\n\t\t\t\t\t<h2 class=\"h3\">Monday: Ap\u00e9rol &amp; Bricole Night<\/h2>\n<p class=\"text-large\">Every Monday starting June 22, from 6:30 p.m. to 9:30 p.m.<\/p>\n<h2 class=\"h3\">Tuesday: Quiz Night<\/h2>\n<p class=\"text-large\">Every Tuesday starting June 23, from 7 p.m. to 10 p.m.<\/p>\n<h2 class=\"h3\">Wednesday: Country Night<\/h2>\n<p class=\"text-large\">Every Wednesday starting June 24, from 7 p.m. to 10 p.m.<\/p>\n<h2 class=\"h3\">Thursday: Comedy Night<\/h2>\n<p class=\"text-large\">Every Thursday starting June 25, from 8 p.m. to 9:30 p.m.<\/p>\n\n\t\t\t\t<\/div>\n\t\t\t\t\t\t\t<\/div>\n\t\t\t<div class=\"block-text-two-col__right\">\n\t\t\t\t<div class=\"wysiwyg\">\n\t\t\t\t\t<h2 class=\"h3\">Friday: Unity Sunset Night<\/h2>\n<p class=\"text-large\">Every Friday starting June 19, from 7 p.m. to 10:30 p.m. (paid event)<\/p>\n<h2 class=\"h3\">Saturday: Chansonnier\u00a0Night<\/h2>\n<p class=\"text-large\">Every Saturday starting June 20, from 6 p.m. to 9:30 p.m.<\/p>\n<h2 class=\"h3\">Sunday: Latin Night<\/h2>\n<p class=\"text-large\">Every Sunday starting June 21, from 6 p.m. to 10 p.m.<\/p>\n\n\t\t\t\t<\/div>\n\t\t\t\t\t\t\t<\/div>\n\t\t<\/div>\n\t<\/div>\n\n\n\t<div class=\"item component-block-text-image background-color--2 \">\n\t\t<div class=\"component-block-text-image__container\">\n\t\t\t<div class=\"container\">\n\t\t\t\t<div class=\"block-text-image block-text-image--is-reverse\">\n\t\t\t\t\t<div class=\"block-text-image__content\">\n\t\t\t\t\t\t\n\t\t\t\t\t\t\t\t\t\t\t\t\t<div class=\"wysiwyg\">\n\t\t\t\t\t\t\t\t<h2>Swimming Schedule<\/h2>\n<p class=\"text-large\">Come enjoy open swimming until August 31<\/p>\n<h3 class=\"h4\">Tuesday: Open Water Swimming Lessons<\/h3>\n<p>Every Tuesday from 5 p.m. to 5:50 p.m. and from 6 p.m. to 6:50 p.m.<br \/>\n(<a href=\"https:\/\/www.qidigo.com\/u\/Loisirs-du-Faubourg\/activity\/27608\/session\" target=\"_blank\" rel=\"noopener\">registration required<\/a>)<\/p>\n<h3 class=\"h4\">Thursday: Open Water Swimming Lessons<\/h3>\n<p>Every Thursday from 5 p.m. to 5:50 p.m. and from 6 p.m. to 6:50 p.m.<br \/>\n(<a href=\"https:\/\/www.qidigo.com\/u\/Loisirs-du-Faubourg\/activity\/27608\/session\" target=\"_blank\" rel=\"noopener\">registration required<\/a>)<\/p>\n\n\t\t\t\t\t\t\t<\/div>\n\t\t\t\t\t\t\n\t\t\t\t\t\t\t\t\t\t\t<\/div>\n\t\t\t\t\t<div class=\"block-image-text__image\">\n\t\t\t\t\t\t\n\t\t\t\t\t\t<div class=\"block-image-text__image__container wave-full--left_icon wave--right_icon\">\n\t\t\t\t\t\t\t<img loading=\"lazy\" decoding=\"async\" width=\"1004\" height=\"1338\" src=\"https:\/\/loasis.portquebec.ca\/wp-content\/uploads\/2026\/04\/IMG_2769-1004x1338.jpeg\" class=\"attachment-1184_1338 size-1184_1338\" alt=\"Sunny day with beautiful view on the Oasis swimming area\" srcset=\"https:\/\/loasis.portquebec.ca\/wp-content\/uploads\/2026\/04\/IMG_2769-1004x1338.jpeg 1004w, https:\/\/loasis.portquebec.ca\/wp-content\/uploads\/2026\/04\/IMG_2769-225x300.jpeg 225w, https:\/\/loasis.portquebec.ca\/wp-content\/uploads\/2026\/04\/IMG_2769-768x1024.jpeg 768w, https:\/\/loasis.portquebec.ca\/wp-content\/uploads\/2026\/04\/IMG_2769-1152x1536.jpeg 1152w, https:\/\/loasis.portquebec.ca\/wp-content\/uploads\/2026\/04\/IMG_2769-1400x1867.jpeg 1400w, https:\/\/loasis.portquebec.ca\/wp-content\/uploads\/2026\/04\/IMG_2769-800x1067.jpeg 800w, https:\/\/loasis.portquebec.ca\/wp-content\/uploads\/2026\/04\/IMG_2769-822x1096.jpeg 822w, https:\/\/loasis.portquebec.ca\/wp-content\/uploads\/2026\/04\/IMG_2769-1323x1764.jpeg 1323w, https:\/\/loasis.portquebec.ca\/wp-content\/uploads\/2026\/04\/IMG_2769-1355x1806.jpeg 1355w, https:\/\/loasis.portquebec.ca\/wp-content\/uploads\/2026\/04\/IMG_2769-756x1008.jpeg 756w, https:\/\/loasis.portquebec.ca\/wp-content\/uploads\/2026\/04\/IMG_2769-1013x1350.jpeg 1013w, https:\/\/loasis.portquebec.ca\/wp-content\/uploads\/2026\/04\/IMG_2769-669x892.jpeg 669w, https:\/\/loasis.portquebec.ca\/wp-content\/uploads\/2026\/04\/IMG_2769-720x960.jpeg 720w, https:\/\/loasis.portquebec.ca\/wp-content\/uploads\/2026\/04\/IMG_2769-476x634.jpeg 476w, https:\/\/loasis.portquebec.ca\/wp-content\/uploads\/2026\/04\/IMG_2769-83x110.jpeg 83w, https:\/\/loasis.portquebec.ca\/wp-content\/uploads\/2026\/04\/IMG_2769-222x296.jpeg 222w, https:\/\/loasis.portquebec.ca\/wp-content\/uploads\/2026\/04\/IMG_2769.jpeg 1536w\" sizes=\"auto, (max-width: 1004px) 100vw, 1004px\" \/>\n\t\t\t\t\t\t<\/div>\n\t\t\t\t\t<\/div>\n\t\t\t\t<\/div>\n\t\t\t<\/div>\n\t\t<\/div>\n\t<\/div>\n\n\n\t<div class=\"item component-block-events \">\n\t\t<div class=\"container\">\n\t\t\t<div class=\"block-events\">\n\t\t\t\t\n\t\t\t\t\t\t\t\t\t<div class=\"block-events__years js-a11y-drawer-group\" role=\"list\">\n\t\t\t\t\t\t\t\t\t\t\t\t\t\n<div class=\"accordion__item js-a11y-drawer active\" role=\"listitem\">\n\t<button type=\"button\" class=\"accordion__toggle\" aria-controls=\"upcoming-year-1\" data-a11y-toggle  aria-expanded=\"true\" >\n\n\t\t\t\t\t\t\t\n\t\t<h2 class=\"h3\">2026<\/h2>\n\n\t<\/button>\n\n\t<div class=\"accordion__content\" id=\"upcoming-year-1\" data-a11y-target >\n\t\t<div>\n\t\t\t<div class=\"block-events__months js-a11y-drawer-group\" role=\"list\">\n\t\t\t\t\t\t\t\t\t\t\t\t\t\t\t\t\t\t\t<div class=\"accordion__item js-a11y-drawer active\" role=\"listitem\">\n\t<button type=\"button\" class=\"accordion__toggle\" aria-controls=\"upcoming-year-1-month-1\" data-a11y-toggle  aria-expanded=\"true\" >\n\t\t\t\t\t\t\t\t\t\t\n\t\t<h2 class=\"h3\">June<\/h2>\n\n\t<\/button>\n\n\t<div class=\"accordion__content\" id=\"upcoming-year-1-month-1\" data-a11y-target >\n\t\t<div>\n\t\t\t<div class=\"block-events__list\" role=\"list\">\n\t\t\t\t\t\t\t\t\t<div class=\"block-events__item \" role=\"listitem\">\n  <div>\n    <h3 class=\"h4\">Opening weekend<\/h3>\n    <div class=\"block-events__datetime\">\n      <span>\n              Friday, June 19, 2026\n            <\/span>\n              <span>|<\/span>\n        <span>11 a.m. to 11 p.m.<\/span>\n          <\/div>\n          <div class=\"block-events__description wysiwyg\">\n        <p>It\u2019s opening weekend for the Oasis of the Port of Quebec.<br data-start=\"91\" data-end=\"94\" \/>A terrace, gourmet snacks, swimming, and refreshing drinks await you. See you there!<\/p>\n\n      <\/div>\n      <\/div>\n  <\/div>\t\t\t\t\t\t\t\t\t<div class=\"block-events__item \" role=\"listitem\">\n  <div>\n    <h3 class=\"h4\">Opening weekend<\/h3>\n    <div class=\"block-events__datetime\">\n      <span>\n              Saturday, June 20, 2026\n            <\/span>\n              <span>|<\/span>\n        <span>10 a.m. to 10 p.m.<\/span>\n          <\/div>\n          <div class=\"block-events__description wysiwyg\">\n        <p>It\u2019s opening weekend for the Oasis of the Port of Quebec.<br data-start=\"91\" data-end=\"94\" \/>A terrace, gourmet snacks, swimming, and refreshing drinks await you. See you there!<\/p>\n\n      <\/div>\n      <\/div>\n  <\/div>\t\t\t\t\t\t\t\t\t<div class=\"block-events__item \" role=\"listitem\">\n  <div>\n    <h3 class=\"h4\">Opening weekend<\/h3>\n    <div class=\"block-events__datetime\">\n      <span>\n              Sunday, June 21, 2026\n            <\/span>\n              <span>|<\/span>\n        <span>10 a.m. to 10 p.m.<\/span>\n          <\/div>\n          <div class=\"block-events__description wysiwyg\">\n        <p>It\u2019s opening weekend for the Oasis of the Port of Quebec.<br data-start=\"91\" data-end=\"94\" \/>A terrace, gourmet snacks, swimming, and refreshing drinks await you. See you there!<\/p>\n\n      <\/div>\n      <\/div>\n  <\/div>\t\t\t\t\t\t\t\t\t<div class=\"block-events__item block-events__item--has-badge\" role=\"listitem\">\n  <div>\n    <h3 class=\"h4\">Sail Challenge Cap Qu\u00e9bec<\/h3>\n    <div class=\"block-events__datetime\">\n      <span>\n              Saturday, June 27, 2026\n            <\/span>\n              <span>|<\/span>\n        <span>7 a.m. to 2 p.m.<\/span>\n          <\/div>\n          <div class=\"block-events__description wysiwyg\">\n        <p>For over 20 years, Challenge Family has been organizing exceptional events and triathlons around the world. In 2024, the organization chose Qu\u00e9bec City as the host for its first triathlon on Qu\u00e9bec soil. In 2026, Challenge Qu\u00e9bec will mark the long-awaited return of long-distance triathlon with the addition of the R226 course. Participating athletes will take on this unique challenge in North America, right in the heart of Qu\u00e9bec City.<\/p>\n<p>Come cheer them on at the Oasis du Port de Qu\u00e9bec and enjoy an ideal vantage point of the event in a vibrant summer atmosphere.<\/p>\n<p><strong>Please note: The Quai Saint-Andr\u00e9 parking lot will be closed from Friday, June 26 to Sunday, June 28, 2026.<\/strong><\/p>\n\n      <\/div>\n      <\/div>\n      <div>\n              <a href=\"https:\/\/capquebec.com\/en\/\" target=\"_blank\" class=\"button button--secondary\">\n          Learn more \n          <svg width=\"24\" height=\"24\" aria-hidden=\"true\" focusable=\"false\">\n            <use xlink:href=\"#ico-external\" \/>\n          <\/svg>\n        <\/a>\n          <\/div>\n  <\/div>\t\t\t\t\t\t\t\t\t<div class=\"block-events__item block-events__item--has-badge\" role=\"listitem\">\n  <div>\n    <h3 class=\"h4\">Sail Challenge Cap Qu\u00e9bec<\/h3>\n    <div class=\"block-events__datetime\">\n      <span>\n              Sunday, June 28, 2026\n            <\/span>\n              <span>|<\/span>\n        <span>7 a.m. to 2 p.m.<\/span>\n          <\/div>\n          <div class=\"block-events__description wysiwyg\">\n        <p>For over 20 years, Challenge Family has been organizing exceptional events and triathlons around the world. In 2024, the organization chose Qu\u00e9bec City as the host for its first triathlon on Qu\u00e9bec soil. In 2026, Challenge Qu\u00e9bec will mark the long-awaited return of long-distance triathlon with the addition of the R226 course. Participating athletes will take on this unique challenge in North America, right in the heart of Qu\u00e9bec City.<\/p>\n<p>Come cheer them on at the Oasis du Port de Qu\u00e9bec and enjoy an ideal vantage point of the event in a vibrant summer atmosphere.<\/p>\n<p><strong>Please note: The Quai Saint-Andr\u00e9 parking lot will be closed from Friday, June 26 to Sunday, June 28, 2026.<\/strong><\/p>\n\n      <\/div>\n      <\/div>\n      <div>\n              <a href=\"https:\/\/capquebec.com\/en\/\" target=\"_blank\" class=\"button button--secondary\">\n          Learn more \n          <svg width=\"24\" height=\"24\" aria-hidden=\"true\" focusable=\"false\">\n            <use xlink:href=\"#ico-external\" \/>\n          <\/svg>\n        <\/a>\n          <\/div>\n  <\/div>\t\t\t\t\t\t\t<\/div>\n\t\t<\/div>\n\t<\/div>\n<\/div>\n\t\t\t\t\t\t\t<\/div>\n\t\t<\/div>\n\t<\/div>\n<\/div>\n\t\t\t\t\t\t\t\t\t\t\t<\/div>\n\t\t\t\t\n\t\t\t\t\n\t\t\t<\/div>\n\t\t<\/div>\n\t<\/div>\n","protected":false},"excerpt":{"rendered":"","protected":false},"author":1,"featured_media":0,"parent":0,"menu_order":0,"comment_status":"closed","ping_status":"closed","template":"","meta":{"_acf_changed":false,"footnotes":""},"class_list":["post-197","page","type-page","status-publish","hentry"],"acf":[],"yoast_head":"<!-- This site is optimized with the Yoast SEO plugin v26.3 - https:\/\/yoast.com\/wordpress\/plugins\/seo\/ -->\n<title>Program - L&#039;Oasis du Port de Qu\u00e9bec<\/title>\n<meta name=\"robots\" content=\"index, follow, max-snippet:-1, max-image-preview:large, max-video-preview:-1\" \/>\n<link rel=\"canonical\" href=\"https:\/\/loasis.portquebec.ca\/en\/program\/\" \/>\n<meta property=\"og:locale\" content=\"en_US\" \/>\n<meta property=\"og:type\" content=\"article\" \/>\n<meta property=\"og:title\" content=\"Program - L&#039;Oasis du Port de Qu\u00e9bec\" \/>\n<meta property=\"og:url\" content=\"https:\/\/loasis.portquebec.ca\/en\/program\/\" \/>\n<meta property=\"og:site_name\" content=\"L&#039;Oasis du Port de Qu\u00e9bec\" \/>\n<meta property=\"article:publisher\" content=\"https:\/\/www.facebook.com\/Oasisportdequebec\" \/>\n<meta property=\"article:modified_time\" content=\"2026-04-14T17:40:51+00:00\" \/>\n<meta property=\"og:image\" content=\"https:\/\/loasis.portquebec.ca\/wp-content\/uploads\/2025\/10\/oasis-og-image.png\" \/>\n\t<meta property=\"og:image:width\" content=\"1200\" \/>\n\t<meta property=\"og:image:height\" content=\"630\" \/>\n\t<meta property=\"og:image:type\" content=\"image\/png\" \/>\n<meta name=\"twitter:card\" content=\"summary_large_image\" \/>\n<script type=\"application\/ld+json\" class=\"yoast-schema-graph\">{\"@context\":\"https:\/\/schema.org\",\"@graph\":[{\"@type\":\"WebPage\",\"@id\":\"https:\/\/loasis.portquebec.ca\/en\/program\/\",\"url\":\"https:\/\/loasis.portquebec.ca\/en\/program\/\",\"name\":\"Program - L&#039;Oasis du Port de Qu\u00e9bec\",\"isPartOf\":{\"@id\":\"https:\/\/loasis.portquebec.ca\/en\/#website\"},\"datePublished\":\"2025-09-24T14:50:48+00:00\",\"dateModified\":\"2026-04-14T17:40:51+00:00\",\"breadcrumb\":{\"@id\":\"https:\/\/loasis.portquebec.ca\/en\/program\/#breadcrumb\"},\"inLanguage\":\"en-US\",\"potentialAction\":[{\"@type\":\"ReadAction\",\"target\":[\"https:\/\/loasis.portquebec.ca\/en\/program\/\"]}]},{\"@type\":\"BreadcrumbList\",\"@id\":\"https:\/\/loasis.portquebec.ca\/en\/program\/#breadcrumb\",\"itemListElement\":[{\"@type\":\"ListItem\",\"position\":1,\"name\":\"Home\",\"item\":\"https:\/\/loasis.portquebec.ca\/en\/\"},{\"@type\":\"ListItem\",\"position\":2,\"name\":\"Program\"}]},{\"@type\":\"WebSite\",\"@id\":\"https:\/\/loasis.portquebec.ca\/en\/#website\",\"url\":\"https:\/\/loasis.portquebec.ca\/en\/\",\"name\":\"L'Oasis du Port de Qu\u00e9bec\",\"description\":\"\",\"publisher\":{\"@id\":\"https:\/\/loasis.portquebec.ca\/en\/#organization\"},\"potentialAction\":[{\"@type\":\"SearchAction\",\"target\":{\"@type\":\"EntryPoint\",\"urlTemplate\":\"https:\/\/loasis.portquebec.ca\/en\/?s={search_term_string}\"},\"query-input\":{\"@type\":\"PropertyValueSpecification\",\"valueRequired\":true,\"valueName\":\"search_term_string\"}}],\"inLanguage\":\"en-US\"},{\"@type\":\"Organization\",\"@id\":\"https:\/\/loasis.portquebec.ca\/en\/#organization\",\"name\":\"L'Oasis du Port de Qu\u00e9bec\",\"url\":\"https:\/\/loasis.portquebec.ca\/en\/\",\"logo\":{\"@type\":\"ImageObject\",\"inLanguage\":\"en-US\",\"@id\":\"https:\/\/loasis.portquebec.ca\/en\/#\/schema\/logo\/image\/\",\"url\":\"https:\/\/loasis.portquebec.ca\/wp-content\/uploads\/2025\/10\/logo.svg\",\"contentUrl\":\"https:\/\/loasis.portquebec.ca\/wp-content\/uploads\/2025\/10\/logo.svg\",\"width\":1,\"height\":1,\"caption\":\"L'Oasis du Port de Qu\u00e9bec\"},\"image\":{\"@id\":\"https:\/\/loasis.portquebec.ca\/en\/#\/schema\/logo\/image\/\"},\"sameAs\":[\"https:\/\/www.facebook.com\/Oasisportdequebec\",\"https:\/\/www.instagram.com\/loasisduportdequebec\"]}]}<\/script>\n<!-- \/ Yoast SEO plugin. -->","yoast_head_json":{"title":"Program - L&#039;Oasis du Port de Qu\u00e9bec","robots":{"index":"index","follow":"follow","max-snippet":"max-snippet:-1","max-image-preview":"max-image-preview:large","max-video-preview":"max-video-preview:-1"},"canonical":"https:\/\/loasis.portquebec.ca\/en\/program\/","og_locale":"en_US","og_type":"article","og_title":"Program - L&#039;Oasis du Port de Qu\u00e9bec","og_url":"https:\/\/loasis.portquebec.ca\/en\/program\/","og_site_name":"L&#039;Oasis du Port de Qu\u00e9bec","article_publisher":"https:\/\/www.facebook.com\/Oasisportdequebec","article_modified_time":"2026-04-14T17:40:51+00:00","og_image":[{"width":1200,"height":630,"url":"https:\/\/loasis.portquebec.ca\/wp-content\/uploads\/2025\/10\/oasis-og-image.png","type":"image\/png"}],"twitter_card":"summary_large_image","schema":{"@context":"https:\/\/schema.org","@graph":[{"@type":"WebPage","@id":"https:\/\/loasis.portquebec.ca\/en\/program\/","url":"https:\/\/loasis.portquebec.ca\/en\/program\/","name":"Program - L&#039;Oasis du Port de Qu\u00e9bec","isPartOf":{"@id":"https:\/\/loasis.portquebec.ca\/en\/#website"},"datePublished":"2025-09-24T14:50:48+00:00","dateModified":"2026-04-14T17:40:51+00:00","breadcrumb":{"@id":"https:\/\/loasis.portquebec.ca\/en\/program\/#breadcrumb"},"inLanguage":"en-US","potentialAction":[{"@type":"ReadAction","target":["https:\/\/loasis.portquebec.ca\/en\/program\/"]}]},{"@type":"BreadcrumbList","@id":"https:\/\/loasis.portquebec.ca\/en\/program\/#breadcrumb","itemListElement":[{"@type":"ListItem","position":1,"name":"Home","item":"https:\/\/loasis.portquebec.ca\/en\/"},{"@type":"ListItem","position":2,"name":"Program"}]},{"@type":"WebSite","@id":"https:\/\/loasis.portquebec.ca\/en\/#website","url":"https:\/\/loasis.portquebec.ca\/en\/","name":"L'Oasis du Port de Qu\u00e9bec","description":"","publisher":{"@id":"https:\/\/loasis.portquebec.ca\/en\/#organization"},"potentialAction":[{"@type":"SearchAction","target":{"@type":"EntryPoint","urlTemplate":"https:\/\/loasis.portquebec.ca\/en\/?s={search_term_string}"},"query-input":{"@type":"PropertyValueSpecification","valueRequired":true,"valueName":"search_term_string"}}],"inLanguage":"en-US"},{"@type":"Organization","@id":"https:\/\/loasis.portquebec.ca\/en\/#organization","name":"L'Oasis du Port de Qu\u00e9bec","url":"https:\/\/loasis.portquebec.ca\/en\/","logo":{"@type":"ImageObject","inLanguage":"en-US","@id":"https:\/\/loasis.portquebec.ca\/en\/#\/schema\/logo\/image\/","url":"https:\/\/loasis.portquebec.ca\/wp-content\/uploads\/2025\/10\/logo.svg","contentUrl":"https:\/\/loasis.portquebec.ca\/wp-content\/uploads\/2025\/10\/logo.svg","width":1,"height":1,"caption":"L'Oasis du Port de Qu\u00e9bec"},"image":{"@id":"https:\/\/loasis.portquebec.ca\/en\/#\/schema\/logo\/image\/"},"sameAs":["https:\/\/www.facebook.com\/Oasisportdequebec","https:\/\/www.instagram.com\/loasisduportdequebec"]}]}},"_links":{"self":[{"href":"https:\/\/loasis.portquebec.ca\/en\/wp-json\/wp\/v2\/pages\/197","targetHints":{"allow":["GET"]}}],"collection":[{"href":"https:\/\/loasis.portquebec.ca\/en\/wp-json\/wp\/v2\/pages"}],"about":[{"href":"https:\/\/loasis.portquebec.ca\/en\/wp-json\/wp\/v2\/types\/page"}],"author":[{"embeddable":true,"href":"https:\/\/loasis.portquebec.ca\/en\/wp-json\/wp\/v2\/users\/1"}],"replies":[{"embeddable":true,"href":"https:\/\/loasis.portquebec.ca\/en\/wp-json\/wp\/v2\/comments?post=197"}],"version-history":[{"count":19,"href":"https:\/\/loasis.portquebec.ca\/en\/wp-json\/wp\/v2\/pages\/197\/revisions"}],"predecessor-version":[{"id":1931,"href":"https:\/\/loasis.portquebec.ca\/en\/wp-json\/wp\/v2\/pages\/197\/revisions\/1931"}],"wp:attachment":[{"href":"https:\/\/loasis.portquebec.ca\/en\/wp-json\/wp\/v2\/media?parent=197"}],"curies":[{"name":"wp","href":"https:\/\/api.w.org\/{rel}","templated":true}]}}