{"id":189,"date":"2025-09-24T10:50:02","date_gmt":"2025-09-24T14:50:02","guid":{"rendered":"https:\/\/loasis.portquebec.ca\/a-propos\/salle-de-presse\/"},"modified":"2025-10-22T16:06:24","modified_gmt":"2025-10-22T20:06:24","slug":"press-room","status":"publish","type":"page","link":"https:\/\/loasis.portquebec.ca\/en\/press-room\/","title":{"rendered":"Press room"},"content":{"rendered":"\t<div class=\"item component-block-page-header wave wave--in-title wave--flipped wave--1 wave--color-1\">\n\t\t<div class=\"container\">\n\t\t\t<div class=\"block-page-header \">\n\t\t\t\t<div class=\"block-page-header__title\">\n\t\t\t\t\t<h1 class=\"h1\">Press room<\/h1>\n\t\t\t\t\t\t\t\t\t\t\t<div class=\"wysiwyg\">\n\t\t\t\t\t\t\t<p>The Port of Qu\u00e9bec Oasis is in the spotlight! Find out what the media is saying about us and read our press releases.<\/p>\n\n\t\t\t\t\t\t<\/div>\n\t\t\t\t\t\t\t\t\t<\/div>\n\t\t\t\t\t\t\t<\/div>\n\t\t<\/div>\n\t<\/div>\n\n\n\t<div class=\"item component-block-text background-color--1 \">\n\t\t<div  class=\"container container--small\">\n\t\t\t<div class=\"block-text \">\n\t\t\t\t<div class=\"wysiwyg\">\n\t\t\t\t\t<p class=\"text-large\">November 10, 2022<\/p>\n<h2 class=\"h3\">Premier \u00e9t\u00e9 r\u00e9ussi pour L&#8217;Oasis du Port de Qu\u00e9bec<\/h2>\n\n\t\t\t\t<\/div>\n\t\t\t\t\t\t\t\t\t<div>\n\t\t\t\t\t\t<a href=\"https:\/\/www.lesoleil.com\/2022\/11\/10\/premier-ete-reussi-pour-loasis-du-port-de-quebec-87e9dcd60722997dac627c7ce54f3b6d\/\" target=\"_blank\" class=\"button button--primary\">\n\t\t\t\t\t\t\tRead the article\n\t\t\t\t\t\t\t\t\t\t\t\t\t\t\t<svg width=\"24\" height=\"24\" aria-hidden=\"true\" focusable=\"false\">\n\t\t\t\t\t\t\t\t\t<use xlink:href=\"#ico-external\" \/>\n\t\t\t\t\t\t\t\t<\/svg>\n\t\t\t\t\t\t\t\t\t\t\t\t\t<\/a>\n\t\t\t\t\t<\/div>\n\t\t\t\t\t\t\t<\/div>\n\t\t<\/div>\n\t<\/div>\n\n\n\t<div class=\"item component-block-text background-color--2 \">\n\t\t<div  class=\"container container--small\">\n\t\t\t<div class=\"block-text \">\n\t\t\t\t<div class=\"wysiwyg\">\n\t\t\t\t\t<p class=\"text-large\">November 10, 2022<\/p>\n<h2 class=\"h3\">Un bilan positif pour la premi\u00e8re saison de L&#8217;Oasis du Port de Qu\u00e9bec<\/h2>\n\n\t\t\t\t<\/div>\n\t\t\t\t\t\t\t\t\t<div>\n\t\t\t\t\t\t<a href=\"https:\/\/loasis.portquebec.ca\/wp-content\/uploads\/2025\/10\/2022-11-10_Bilan-OASIS.pdf\" target=\"_blank\" class=\"button button--primary\">\n\t\t\t\t\t\t\tRead the press release\n\t\t\t\t\t\t\t\t\t\t\t\t\t\t\t<svg width=\"24\" height=\"24\" aria-hidden=\"true\" focusable=\"false\">\n\t\t\t\t\t\t\t\t\t<use xlink:href=\"#ico-external\" \/>\n\t\t\t\t\t\t\t\t<\/svg>\n\t\t\t\t\t\t\t\t\t\t\t\t\t<\/a>\n\t\t\t\t\t<\/div>\n\t\t\t\t\t\t\t<\/div>\n\t\t<\/div>\n\t<\/div>\n\n\n\t<div class=\"item component-block-text background-color--3 \">\n\t\t<div  class=\"container container--small\">\n\t\t\t<div class=\"block-text \">\n\t\t\t\t<div class=\"wysiwyg\">\n\t\t\t\t\t<p class=\"text-large\">July 1, 2022<\/p>\n<h2 class=\"h3\">Une premi\u00e8re baignade au bassin Louise<\/h2>\n\n\t\t\t\t<\/div>\n\t\t\t\t\t\t\t\t\t<div>\n\t\t\t\t\t\t<a href=\"https:\/\/ici.radio-canada.ca\/nouvelle\/1895135\/port-quebec-bassin-louise-baignade-ouverture-gratuit\" target=\"_blank\" class=\"button button--primary\">\n\t\t\t\t\t\t\tRead the article\n\t\t\t\t\t\t\t\t\t\t\t\t\t\t\t<svg width=\"24\" height=\"24\" aria-hidden=\"true\" focusable=\"false\">\n\t\t\t\t\t\t\t\t\t<use xlink:href=\"#ico-external\" \/>\n\t\t\t\t\t\t\t\t<\/svg>\n\t\t\t\t\t\t\t\t\t\t\t\t\t<\/a>\n\t\t\t\t\t<\/div>\n\t\t\t\t\t\t\t<\/div>\n\t\t<\/div>\n\t<\/div>\n\n\n\t<div class=\"item component-block-text background-color--1 \">\n\t\t<div  class=\"container container--small\">\n\t\t\t<div class=\"block-text \">\n\t\t\t\t<div class=\"wysiwyg\">\n\t\t\t\t\t<p class=\"text-large\">July 1, 2022<\/p>\n<h2 class=\"h3\">Port de Qu\u00e9bec : un premier bain portuaire en Am\u00e9rique du Nord<\/h2>\n\n\t\t\t\t<\/div>\n\t\t\t\t\t\t\t\t\t<div>\n\t\t\t\t\t\t<a href=\"https:\/\/www.journaldequebec.com\/2022\/07\/01\/un-premier-bain-portuaire-en-amerique-du-nord\" target=\"_blank\" class=\"button button--primary\">\n\t\t\t\t\t\t\tRead the article\n\t\t\t\t\t\t\t\t\t\t\t\t\t\t\t<svg width=\"24\" height=\"24\" aria-hidden=\"true\" focusable=\"false\">\n\t\t\t\t\t\t\t\t\t<use xlink:href=\"#ico-external\" \/>\n\t\t\t\t\t\t\t\t<\/svg>\n\t\t\t\t\t\t\t\t\t\t\t\t\t<\/a>\n\t\t\t\t\t<\/div>\n\t\t\t\t\t\t\t<\/div>\n\t\t<\/div>\n\t<\/div>\n\n\n\t<div class=\"item component-block-text background-color--2 \">\n\t\t<div  class=\"container container--small\">\n\t\t\t<div class=\"block-text \">\n\t\t\t\t<div class=\"wysiwyg\">\n\t\t\t\t\t<p class=\"text-large\">July 1, 2022<\/p>\n<h2 class=\"h3\">Le Port de Qu\u00e9bec inaugure le premier bain portuaire en Am\u00e9rique du Nord<\/h2>\n\n\t\t\t\t<\/div>\n\t\t\t\t\t\t\t\t\t<div>\n\t\t\t\t\t\t<a href=\"https:\/\/loasis.portquebec.ca\/wp-content\/uploads\/2025\/10\/2022-07-01_Ouverture-OASIS.pdf\" target=\"_blank\" class=\"button button--primary\">\n\t\t\t\t\t\t\tRead the press release\n\t\t\t\t\t\t\t\t\t\t\t\t\t\t\t<svg width=\"24\" height=\"24\" aria-hidden=\"true\" focusable=\"false\">\n\t\t\t\t\t\t\t\t\t<use xlink:href=\"#ico-external\" \/>\n\t\t\t\t\t\t\t\t<\/svg>\n\t\t\t\t\t\t\t\t\t\t\t\t\t<\/a>\n\t\t\t\t\t<\/div>\n\t\t\t\t\t\t\t<\/div>\n\t\t<\/div>\n\t<\/div>\n\n\n\t<div class=\"item component-block-text background-color--3 \">\n\t\t<div  class=\"container container--small\">\n\t\t\t<div class=\"block-text \">\n\t\t\t\t<div class=\"wysiwyg\">\n\t\t\t\t\t<p class=\"text-large\">June 23, 2023<\/p>\n<h2 class=\"h3\">L\u2019Oasis de retour pour un second \u00e9t\u00e9 au bassin Louise<\/h2>\n\n\t\t\t\t<\/div>\n\t\t\t\t\t\t\t\t\t<div>\n\t\t\t\t\t\t<a href=\"https:\/\/ici.radio-canada.ca\/nouvelle\/1990668\/bassin-oasis-port-quebec-baignade\" target=\"_blank\" class=\"button button--primary\">\n\t\t\t\t\t\t\tRead the article\n\t\t\t\t\t\t\t\t\t\t\t\t\t\t\t<svg width=\"24\" height=\"24\" aria-hidden=\"true\" focusable=\"false\">\n\t\t\t\t\t\t\t\t\t<use xlink:href=\"#ico-external\" \/>\n\t\t\t\t\t\t\t\t<\/svg>\n\t\t\t\t\t\t\t\t\t\t\t\t\t<\/a>\n\t\t\t\t\t<\/div>\n\t\t\t\t\t\t\t<\/div>\n\t\t<\/div>\n\t<\/div>\n\n\n\t<div class=\"item component-block-text background-color--1 \">\n\t\t<div  class=\"container container--small\">\n\t\t\t<div class=\"block-text \">\n\t\t\t\t<div class=\"wysiwyg\">\n\t\t\t\t\t<p class=\"text-large\">June 23, 2023<\/p>\n<h2 class=\"h3\">Une 2e saison de baignade riche en nouveaut\u00e9s d\u00e9bute le 23 juin \u00e0 L\u2019Oasis du Port de Qu\u00e9bec<\/h2>\n\n\t\t\t\t<\/div>\n\t\t\t\t\t\t\t\t\t<div>\n\t\t\t\t\t\t<a href=\"https:\/\/loasis.portquebec.ca\/wp-content\/uploads\/2025\/10\/2023-06-23_Communique-de-presse_Lancement-2023-Oasis-du-Port-de-Quebec_VF.pdf\" target=\"_blank\" class=\"button button--primary\">\n\t\t\t\t\t\t\tRead the press release\n\t\t\t\t\t\t\t\t\t\t\t\t\t\t\t<svg width=\"24\" height=\"24\" aria-hidden=\"true\" focusable=\"false\">\n\t\t\t\t\t\t\t\t\t<use xlink:href=\"#ico-external\" \/>\n\t\t\t\t\t\t\t\t<\/svg>\n\t\t\t\t\t\t\t\t\t\t\t\t\t<\/a>\n\t\t\t\t\t<\/div>\n\t\t\t\t\t\t\t<\/div>\n\t\t<\/div>\n\t<\/div>\n\n\n\t<div class=\"item component-block-text background-color--2 \">\n\t\t<div  class=\"container container--small\">\n\t\t\t<div class=\"block-text \">\n\t\t\t\t<div class=\"wysiwyg\">\n\t\t\t\t\t<p class=\"text-large\">July 6, 2023<\/p>\n<h2 class=\"h3\">D\u00e9mystifier baignade et qualit\u00e9 de l&#8217;eau<\/h2>\n\n\t\t\t\t<\/div>\n\t\t\t\t\t\t\t\t\t<div>\n\t\t\t\t\t\t<a href=\"https:\/\/www.obvcapitale.org\/demystifier-baignade-et-qualite-de-leau\/?fbclid=IwAR1cnHXWX7YiBKDSQ57abpg601mIzfYbFFMKBu4lrk-aUkBZknsdRsm_knM\" target=\"_blank\" class=\"button button--primary\">\n\t\t\t\t\t\t\tRead the article\n\t\t\t\t\t\t\t\t\t\t\t\t\t\t\t<svg width=\"24\" height=\"24\" aria-hidden=\"true\" focusable=\"false\">\n\t\t\t\t\t\t\t\t\t<use xlink:href=\"#ico-external\" \/>\n\t\t\t\t\t\t\t\t<\/svg>\n\t\t\t\t\t\t\t\t\t\t\t\t\t<\/a>\n\t\t\t\t\t<\/div>\n\t\t\t\t\t\t\t<\/div>\n\t\t<\/div>\n\t<\/div>\n\n\n\t<div class=\"item component-block-text background-color--3 \">\n\t\t<div  class=\"container container--small\">\n\t\t\t<div class=\"block-text \">\n\t\t\t\t<div class=\"wysiwyg\">\n\t\t\t\t\t<p class=\"text-large\">July 13, 2023<\/p>\n<h2 class=\"h3\">Mythes et r\u00e9alit\u00e9s sur la couleur de l&#8217;eau<\/h2>\n\n\t\t\t\t<\/div>\n\t\t\t\t\t\t\t\t\t<div>\n\t\t\t\t\t\t<a href=\"https:\/\/www.obvcapitale.org\/mythes-et-realites-sur-la-couleur-de-leau\/\" target=\"_blank\" class=\"button button--primary\">\n\t\t\t\t\t\t\tRead the article\n\t\t\t\t\t\t\t\t\t\t\t\t\t\t\t<svg width=\"24\" height=\"24\" aria-hidden=\"true\" focusable=\"false\">\n\t\t\t\t\t\t\t\t\t<use xlink:href=\"#ico-external\" \/>\n\t\t\t\t\t\t\t\t<\/svg>\n\t\t\t\t\t\t\t\t\t\t\t\t\t<\/a>\n\t\t\t\t\t<\/div>\n\t\t\t\t\t\t\t<\/div>\n\t\t<\/div>\n\t<\/div>\n\n\n\t<div class=\"item component-block-text background-color--1 \">\n\t\t<div  class=\"container container--small\">\n\t\t\t<div class=\"block-text \">\n\t\t\t\t<div class=\"wysiwyg\">\n\t\t\t\t\t<p class=\"text-large\">July 20, 2023<\/p>\n<h2 class=\"h3\">Histoire de la baignade : La proximit\u00e9 du fleuve Saint-Laurent avec les riverains, une histoire de longue date<\/h2>\n\n\t\t\t\t<\/div>\n\t\t\t\t\t\t\t\t\t<div>\n\t\t\t\t\t\t<a href=\"https:\/\/www.obvcapitale.org\/histoire-de-la-baignade-la-proximite-du-fleuve-saint-laurent-avec-les-riverains-une-histoire-de-longue-date\/\" target=\"_blank\" class=\"button button--primary\">\n\t\t\t\t\t\t\tRead the article\n\t\t\t\t\t\t\t\t\t\t\t\t\t\t\t<svg width=\"24\" height=\"24\" aria-hidden=\"true\" focusable=\"false\">\n\t\t\t\t\t\t\t\t\t<use xlink:href=\"#ico-external\" \/>\n\t\t\t\t\t\t\t\t<\/svg>\n\t\t\t\t\t\t\t\t\t\t\t\t\t<\/a>\n\t\t\t\t\t<\/div>\n\t\t\t\t\t\t\t<\/div>\n\t\t<\/div>\n\t<\/div>\n\n\n\t<div class=\"item component-block-text background-color--2 \">\n\t\t<div  class=\"container container--small\">\n\t\t\t<div class=\"block-text \">\n\t\t\t\t<div class=\"wysiwyg\">\n\t\t\t\t\t<p class=\"text-large\">July 27, 2023<\/p>\n<h2 class=\"h3\">Mythe ou r\u00e9alit\u00e9? Lorsqu&#8217;il y a des plantes aquatiques ou des algues, dans un milieu naturel, on ne peut pas s&#8217;y baigner!<\/h2>\n\n\t\t\t\t<\/div>\n\t\t\t\t\t\t\t\t\t<div>\n\t\t\t\t\t\t<a href=\"https:\/\/www.obvcapitale.org\/mythes-et-realites-lorsquil-y-a-des-plantes-aquatiques-ou-des-algues-dans-un-milieu-naturel-on-ne-peut-pas-sy-baigner\/\" target=\"_blank\" class=\"button button--primary\">\n\t\t\t\t\t\t\tRead the article\n\t\t\t\t\t\t\t\t\t\t\t\t\t\t\t<svg width=\"24\" height=\"24\" aria-hidden=\"true\" focusable=\"false\">\n\t\t\t\t\t\t\t\t\t<use xlink:href=\"#ico-external\" \/>\n\t\t\t\t\t\t\t\t<\/svg>\n\t\t\t\t\t\t\t\t\t\t\t\t\t<\/a>\n\t\t\t\t\t<\/div>\n\t\t\t\t\t\t\t<\/div>\n\t\t<\/div>\n\t<\/div>\n\n\n\t<div class=\"item component-block-text background-color--3 \">\n\t\t<div  class=\"container container--small\">\n\t\t\t<div class=\"block-text \">\n\t\t\t\t<div class=\"wysiwyg\">\n\t\t\t\t\t<p class=\"text-large\">May 25, 2025<\/p>\n<h2 class=\"h3\">9 activit\u00e9s GRATUITES \u00e0 Qu\u00e9bec pour plonger dans l&#8217;\u00e9t\u00e9 durant tout le mois de juin<\/h2>\n\n\t\t\t\t<\/div>\n\t\t\t\t\t\t\t\t\t<div>\n\t\t\t\t\t\t<a href=\"https:\/\/www.narcity.com\/fr\/quebec\/activites-gratuites-a-quebec-quoi-faire-juin-2025\" target=\"_blank\" class=\"button button--primary\">\n\t\t\t\t\t\t\tRead the article\n\t\t\t\t\t\t\t\t\t\t\t\t\t\t\t<svg width=\"24\" height=\"24\" aria-hidden=\"true\" focusable=\"false\">\n\t\t\t\t\t\t\t\t\t<use xlink:href=\"#ico-external\" \/>\n\t\t\t\t\t\t\t\t<\/svg>\n\t\t\t\t\t\t\t\t\t\t\t\t\t<\/a>\n\t\t\t\t\t<\/div>\n\t\t\t\t\t\t\t<\/div>\n\t\t<\/div>\n\t<\/div>\n\n\n\t<div class=\"item component-block-text background-color--1 \">\n\t\t<div  class=\"container container--small\">\n\t\t\t<div class=\"block-text \">\n\t\t\t\t<div class=\"wysiwyg\">\n\t\t\t\t\t<p class=\"text-large\">June 17, 2025<\/p>\n<h2 class=\"h3\">O\u00f9 se baigner gratuitement cet \u00e9t\u00e9 \u00e0 Montr\u00e9al et \u00e0 Qu\u00e9bec<\/h2>\n\n\t\t\t\t<\/div>\n\t\t\t\t\t\t\t\t\t<div>\n\t\t\t\t\t\t<a href=\"https:\/\/www.journaldequebec.com\/2025\/06\/17\/ou-se-baigner-gratuitement-cet-ete-a-montreal-et-a-quebec\" target=\"_blank\" class=\"button button--primary\">\n\t\t\t\t\t\t\tRead the article\n\t\t\t\t\t\t\t\t\t\t\t\t\t\t\t<svg width=\"24\" height=\"24\" aria-hidden=\"true\" focusable=\"false\">\n\t\t\t\t\t\t\t\t\t<use xlink:href=\"#ico-external\" \/>\n\t\t\t\t\t\t\t\t<\/svg>\n\t\t\t\t\t\t\t\t\t\t\t\t\t<\/a>\n\t\t\t\t\t<\/div>\n\t\t\t\t\t\t\t<\/div>\n\t\t<\/div>\n\t<\/div>\n\n\n\t<div class=\"item component-block-text background-color--2 \">\n\t\t<div  class=\"container container--small\">\n\t\t\t<div class=\"block-text \">\n\t\t\t\t<div class=\"wysiwyg\">\n\t\t\t\t\t<p class=\"text-large\">June 19, 2025<\/p>\n<h2 class=\"h3\">10 activit\u00e9s gratuites \u00e0 faire avec vos enfants cet \u00e9t\u00e9 au Qu\u00e9bec<\/h2>\n\n\t\t\t\t<\/div>\n\t\t\t\t\t\t\t\t\t<div>\n\t\t\t\t\t\t<a href=\"https:\/\/urbania.ca\/article\/10-activites-gratuites-a-faire-avec-vos-enfants-cet-ete-au-quebec\" target=\"_blank\" class=\"button button--primary\">\n\t\t\t\t\t\t\tRead the article\n\t\t\t\t\t\t\t\t\t\t\t\t\t\t\t<svg width=\"24\" height=\"24\" aria-hidden=\"true\" focusable=\"false\">\n\t\t\t\t\t\t\t\t\t<use xlink:href=\"#ico-external\" \/>\n\t\t\t\t\t\t\t\t<\/svg>\n\t\t\t\t\t\t\t\t\t\t\t\t\t<\/a>\n\t\t\t\t\t<\/div>\n\t\t\t\t\t\t\t<\/div>\n\t\t<\/div>\n\t<\/div>\n","protected":false},"excerpt":{"rendered":"","protected":false},"author":1,"featured_media":0,"parent":0,"menu_order":0,"comment_status":"closed","ping_status":"closed","template":"","meta":{"_acf_changed":false,"footnotes":""},"class_list":["post-189","page","type-page","status-publish","hentry"],"acf":[],"yoast_head":"<!-- This site is optimized with the Yoast SEO plugin v26.3 - https:\/\/yoast.com\/wordpress\/plugins\/seo\/ -->\n<title>Press room - L&#039;Oasis du Port de Qu\u00e9bec<\/title>\n<meta name=\"robots\" content=\"index, follow, max-snippet:-1, max-image-preview:large, max-video-preview:-1\" \/>\n<link rel=\"canonical\" href=\"https:\/\/loasis.portquebec.ca\/en\/press-room\/\" \/>\n<meta property=\"og:locale\" content=\"en_US\" \/>\n<meta property=\"og:type\" content=\"article\" \/>\n<meta property=\"og:title\" content=\"Press room - L&#039;Oasis du Port de Qu\u00e9bec\" \/>\n<meta property=\"og:url\" content=\"https:\/\/loasis.portquebec.ca\/en\/press-room\/\" \/>\n<meta property=\"og:site_name\" content=\"L&#039;Oasis du Port de Qu\u00e9bec\" \/>\n<meta property=\"article:publisher\" content=\"https:\/\/www.facebook.com\/Oasisportdequebec\" \/>\n<meta property=\"article:modified_time\" content=\"2025-10-22T20:06:24+00:00\" \/>\n<meta property=\"og:image\" content=\"https:\/\/loasis.portquebec.ca\/wp-content\/uploads\/2025\/10\/oasis-og-image.png\" \/>\n\t<meta property=\"og:image:width\" content=\"1200\" \/>\n\t<meta property=\"og:image:height\" content=\"630\" \/>\n\t<meta property=\"og:image:type\" content=\"image\/png\" \/>\n<meta name=\"twitter:card\" content=\"summary_large_image\" \/>\n<script type=\"application\/ld+json\" class=\"yoast-schema-graph\">{\"@context\":\"https:\/\/schema.org\",\"@graph\":[{\"@type\":\"WebPage\",\"@id\":\"https:\/\/loasis.portquebec.ca\/en\/press-room\/\",\"url\":\"https:\/\/loasis.portquebec.ca\/en\/press-room\/\",\"name\":\"Press room - L&#039;Oasis du Port de Qu\u00e9bec\",\"isPartOf\":{\"@id\":\"https:\/\/loasis.portquebec.ca\/en\/#website\"},\"datePublished\":\"2025-09-24T14:50:02+00:00\",\"dateModified\":\"2025-10-22T20:06:24+00:00\",\"breadcrumb\":{\"@id\":\"https:\/\/loasis.portquebec.ca\/en\/press-room\/#breadcrumb\"},\"inLanguage\":\"en-US\",\"potentialAction\":[{\"@type\":\"ReadAction\",\"target\":[\"https:\/\/loasis.portquebec.ca\/en\/press-room\/\"]}]},{\"@type\":\"BreadcrumbList\",\"@id\":\"https:\/\/loasis.portquebec.ca\/en\/press-room\/#breadcrumb\",\"itemListElement\":[{\"@type\":\"ListItem\",\"position\":1,\"name\":\"Home\",\"item\":\"https:\/\/loasis.portquebec.ca\/en\/\"},{\"@type\":\"ListItem\",\"position\":2,\"name\":\"Press room\"}]},{\"@type\":\"WebSite\",\"@id\":\"https:\/\/loasis.portquebec.ca\/en\/#website\",\"url\":\"https:\/\/loasis.portquebec.ca\/en\/\",\"name\":\"L'Oasis du Port de Qu\u00e9bec\",\"description\":\"\",\"publisher\":{\"@id\":\"https:\/\/loasis.portquebec.ca\/en\/#organization\"},\"potentialAction\":[{\"@type\":\"SearchAction\",\"target\":{\"@type\":\"EntryPoint\",\"urlTemplate\":\"https:\/\/loasis.portquebec.ca\/en\/?s={search_term_string}\"},\"query-input\":{\"@type\":\"PropertyValueSpecification\",\"valueRequired\":true,\"valueName\":\"search_term_string\"}}],\"inLanguage\":\"en-US\"},{\"@type\":\"Organization\",\"@id\":\"https:\/\/loasis.portquebec.ca\/en\/#organization\",\"name\":\"L'Oasis du Port de Qu\u00e9bec\",\"url\":\"https:\/\/loasis.portquebec.ca\/en\/\",\"logo\":{\"@type\":\"ImageObject\",\"inLanguage\":\"en-US\",\"@id\":\"https:\/\/loasis.portquebec.ca\/en\/#\/schema\/logo\/image\/\",\"url\":\"https:\/\/loasis.portquebec.ca\/wp-content\/uploads\/2025\/10\/logo.svg\",\"contentUrl\":\"https:\/\/loasis.portquebec.ca\/wp-content\/uploads\/2025\/10\/logo.svg\",\"width\":1,\"height\":1,\"caption\":\"L'Oasis du Port de Qu\u00e9bec\"},\"image\":{\"@id\":\"https:\/\/loasis.portquebec.ca\/en\/#\/schema\/logo\/image\/\"},\"sameAs\":[\"https:\/\/www.facebook.com\/Oasisportdequebec\",\"https:\/\/www.instagram.com\/loasisduportdequebec\"]}]}<\/script>\n<!-- \/ Yoast SEO plugin. -->","yoast_head_json":{"title":"Press room - L&#039;Oasis du Port de Qu\u00e9bec","robots":{"index":"index","follow":"follow","max-snippet":"max-snippet:-1","max-image-preview":"max-image-preview:large","max-video-preview":"max-video-preview:-1"},"canonical":"https:\/\/loasis.portquebec.ca\/en\/press-room\/","og_locale":"en_US","og_type":"article","og_title":"Press room - L&#039;Oasis du Port de Qu\u00e9bec","og_url":"https:\/\/loasis.portquebec.ca\/en\/press-room\/","og_site_name":"L&#039;Oasis du Port de Qu\u00e9bec","article_publisher":"https:\/\/www.facebook.com\/Oasisportdequebec","article_modified_time":"2025-10-22T20:06:24+00:00","og_image":[{"width":1200,"height":630,"url":"https:\/\/loasis.portquebec.ca\/wp-content\/uploads\/2025\/10\/oasis-og-image.png","type":"image\/png"}],"twitter_card":"summary_large_image","schema":{"@context":"https:\/\/schema.org","@graph":[{"@type":"WebPage","@id":"https:\/\/loasis.portquebec.ca\/en\/press-room\/","url":"https:\/\/loasis.portquebec.ca\/en\/press-room\/","name":"Press room - L&#039;Oasis du Port de Qu\u00e9bec","isPartOf":{"@id":"https:\/\/loasis.portquebec.ca\/en\/#website"},"datePublished":"2025-09-24T14:50:02+00:00","dateModified":"2025-10-22T20:06:24+00:00","breadcrumb":{"@id":"https:\/\/loasis.portquebec.ca\/en\/press-room\/#breadcrumb"},"inLanguage":"en-US","potentialAction":[{"@type":"ReadAction","target":["https:\/\/loasis.portquebec.ca\/en\/press-room\/"]}]},{"@type":"BreadcrumbList","@id":"https:\/\/loasis.portquebec.ca\/en\/press-room\/#breadcrumb","itemListElement":[{"@type":"ListItem","position":1,"name":"Home","item":"https:\/\/loasis.portquebec.ca\/en\/"},{"@type":"ListItem","position":2,"name":"Press room"}]},{"@type":"WebSite","@id":"https:\/\/loasis.portquebec.ca\/en\/#website","url":"https:\/\/loasis.portquebec.ca\/en\/","name":"L'Oasis du Port de Qu\u00e9bec","description":"","publisher":{"@id":"https:\/\/loasis.portquebec.ca\/en\/#organization"},"potentialAction":[{"@type":"SearchAction","target":{"@type":"EntryPoint","urlTemplate":"https:\/\/loasis.portquebec.ca\/en\/?s={search_term_string}"},"query-input":{"@type":"PropertyValueSpecification","valueRequired":true,"valueName":"search_term_string"}}],"inLanguage":"en-US"},{"@type":"Organization","@id":"https:\/\/loasis.portquebec.ca\/en\/#organization","name":"L'Oasis du Port de Qu\u00e9bec","url":"https:\/\/loasis.portquebec.ca\/en\/","logo":{"@type":"ImageObject","inLanguage":"en-US","@id":"https:\/\/loasis.portquebec.ca\/en\/#\/schema\/logo\/image\/","url":"https:\/\/loasis.portquebec.ca\/wp-content\/uploads\/2025\/10\/logo.svg","contentUrl":"https:\/\/loasis.portquebec.ca\/wp-content\/uploads\/2025\/10\/logo.svg","width":1,"height":1,"caption":"L'Oasis du Port de Qu\u00e9bec"},"image":{"@id":"https:\/\/loasis.portquebec.ca\/en\/#\/schema\/logo\/image\/"},"sameAs":["https:\/\/www.facebook.com\/Oasisportdequebec","https:\/\/www.instagram.com\/loasisduportdequebec"]}]}},"_links":{"self":[{"href":"https:\/\/loasis.portquebec.ca\/en\/wp-json\/wp\/v2\/pages\/189","targetHints":{"allow":["GET"]}}],"collection":[{"href":"https:\/\/loasis.portquebec.ca\/en\/wp-json\/wp\/v2\/pages"}],"about":[{"href":"https:\/\/loasis.portquebec.ca\/en\/wp-json\/wp\/v2\/types\/page"}],"author":[{"embeddable":true,"href":"https:\/\/loasis.portquebec.ca\/en\/wp-json\/wp\/v2\/users\/1"}],"replies":[{"embeddable":true,"href":"https:\/\/loasis.portquebec.ca\/en\/wp-json\/wp\/v2\/comments?post=189"}],"version-history":[{"count":10,"href":"https:\/\/loasis.portquebec.ca\/en\/wp-json\/wp\/v2\/pages\/189\/revisions"}],"predecessor-version":[{"id":1475,"href":"https:\/\/loasis.portquebec.ca\/en\/wp-json\/wp\/v2\/pages\/189\/revisions\/1475"}],"wp:attachment":[{"href":"https:\/\/loasis.portquebec.ca\/en\/wp-json\/wp\/v2\/media?parent=189"}],"curies":[{"name":"wp","href":"https:\/\/api.w.org\/{rel}","templated":true}]}}