{"id":187,"date":"2025-09-24T10:49:09","date_gmt":"2025-09-24T14:49:09","guid":{"rendered":"https:\/\/loasis.portquebec.ca\/a-propos\/qui-sommes-nous\/"},"modified":"2025-10-22T11:38:22","modified_gmt":"2025-10-22T15:38:22","slug":"who-we-are","status":"publish","type":"page","link":"https:\/\/loasis.portquebec.ca\/en\/who-we-are\/","title":{"rendered":"Who we are"},"content":{"rendered":"\t<div class=\"item component-block-page-header wave wave--in-title wave--flipped wave--1 wave--color-1\">\n\t\t<div class=\"container\">\n\t\t\t<div class=\"block-page-header block-page-header--has-image\">\n\t\t\t\t<div class=\"block-page-header__title\">\n\t\t\t\t\t<h1 class=\"h1\">Who we are<\/h1>\n\t\t\t\t\t\t\t\t\t<\/div>\n\t\t\t\t\t\t\t\t\t<div class=\"block-page-header__media\">\n\t\t\t\t\t\t\n\t\t\t\t\t\t\t\t\t\t\t\t\t<div class=\"block-page-header__media__container wave-full--left_icon \">\n\t\t\t\t\t\t\t\t<img loading=\"lazy\" decoding=\"async\" width=\"1488\" height=\"1096\" src=\"https:\/\/loasis.portquebec.ca\/wp-content\/uploads\/2025\/10\/baignade-1.webp\" class=\"attachment-1488_1096 size-1488_1096\" alt=\"Lifeguard seen from behind watching several swimmers.\" srcset=\"https:\/\/loasis.portquebec.ca\/wp-content\/uploads\/2025\/10\/baignade-1.webp 1488w, https:\/\/loasis.portquebec.ca\/wp-content\/uploads\/2025\/10\/baignade-1-300x221.webp 300w, https:\/\/loasis.portquebec.ca\/wp-content\/uploads\/2025\/10\/baignade-1-1024x754.webp 1024w, https:\/\/loasis.portquebec.ca\/wp-content\/uploads\/2025\/10\/baignade-1-768x566.webp 768w, https:\/\/loasis.portquebec.ca\/wp-content\/uploads\/2025\/10\/baignade-1-1400x1031.webp 1400w, https:\/\/loasis.portquebec.ca\/wp-content\/uploads\/2025\/10\/baignade-1-800x589.webp 800w, https:\/\/loasis.portquebec.ca\/wp-content\/uploads\/2025\/10\/baignade-1-1369x1008.webp 1369w, https:\/\/loasis.portquebec.ca\/wp-content\/uploads\/2025\/10\/baignade-1-1184x872.webp 1184w, https:\/\/loasis.portquebec.ca\/wp-content\/uploads\/2025\/10\/baignade-1-1194x879.webp 1194w, https:\/\/loasis.portquebec.ca\/wp-content\/uploads\/2025\/10\/baignade-1-790x582.webp 790w, https:\/\/loasis.portquebec.ca\/wp-content\/uploads\/2025\/10\/baignade-1-770x567.webp 770w, https:\/\/loasis.portquebec.ca\/wp-content\/uploads\/2025\/10\/baignade-1-562x414.webp 562w, https:\/\/loasis.portquebec.ca\/wp-content\/uploads\/2025\/10\/baignade-1-149x110.webp 149w, https:\/\/loasis.portquebec.ca\/wp-content\/uploads\/2025\/10\/baignade-1-320x236.webp 320w\" sizes=\"auto, (max-width: 1488px) 100vw, 1488px\" \/>\n\t\t\t\t\t\t\t<\/div>\n\t\t\t\t\t\t\t\t\t\t\t<\/div>\n\t\t\t\t\t\t\t<\/div>\n\t\t<\/div>\n\t<\/div>\n\n\n\t<div class=\"item component-block-text background-color--1 wave wave--2 wave--color-1\">\n\t\t<div  class=\"container container--small\">\n\t\t\t<div class=\"block-text \">\n\t\t\t\t<div class=\"wysiwyg\">\n\t\t\t\t\t<p class=\"text-large\">Looking for things to do this summer in Qu\u00e9bec City? The Port of Qu\u00e9bec Oasis invites you to enjoy an unforgettable swimming experience in a natural environment in the St. Lawrence River. Located at the Port of Quebec in Louise Basin, a swimming area, Olympic-sized swimming lanes, relaxation areas and unique facilities are all free to the public to take a break and get refreshed this summer. Perfect for both friends and families, it is an ideal spot to enjoy a drink and a bite to eat on one of the most beautiful terraces in Old Qu\u00e9bec while taking in the magnificent view of the Port of Qu\u00e9bec Marina.<\/p>\n\n\t\t\t\t<\/div>\n\t\t\t\t\t\t\t<\/div>\n\t\t<\/div>\n\t<\/div>\n\n\n\t<div class=\"item component-block-text-two-image background-color--3 \">\n\t\t<div class=\"component-block-text-two-image__container\">\n\n\t\t\t<div class=\"block-text-two-image block-text-two-image--is-reverse\">\n\t\t\t\t<div class=\"block-text-two-image__content container container--full\">\n\t\t\t\t\t\n\t\t\t\t\t\t\t\t\t\t\t<div class=\"wysiwyg\">\n\t\t\t\t\t\t\t<p data-renderer-start-pos=\"2265\">The Port of Qu\u00e9bec Oasis is a recreational tourism site at the Port de Qu\u00e9bec that first opened on July 1, 2022. First harbour bath in North America, the project evolved out of suggestions from citizens. It is the result of a collaborative effort between the Port of Qu\u00e9bec, the Soci\u00e9t\u00e9 des Gens de Baignade and the non-profit organization Le Village Nordik. This organization also manages operations and programming of the site during the winter season, including ice fishing activities. Access to the Port of Qu\u00e9bec Oasis is free, and the site is open every day from 11 am to 6 pm, from June to September. The terrace is open from 11 am to 10 pm.<\/p>\n<p data-renderer-start-pos=\"2915\">Come and enjoy the terrace from June 12, 2024! The swimming pool will open its doors on June 22, 2024.<\/p>\n\n\t\t\t\t\t\t<\/div>\n\t\t\t\t\t\n\t\t\t\t\t\t\t\t\t<\/div>\n\t\t\t\t<div class=\"block-text-two-image__image\">\n\t\t\t\t\t\t\t\t\t\t\n\t\t\t\t\t<div class=\"block-text-two-image__image__container wave-full--left_icon wave--right_icon\">\n\t\t\t\t\t\t<img loading=\"lazy\" decoding=\"async\" width=\"1132\" height=\"1280\" src=\"https:\/\/loasis.portquebec.ca\/wp-content\/uploads\/2025\/10\/oasis-03.webp\" class=\"attachment-1194_1350 size-1194_1350\" alt=\"Close-up of a hanging light bulb with a waterfront lounge area and people gathered at the Oasis du Port de Qu\u00e9bec.\" srcset=\"https:\/\/loasis.portquebec.ca\/wp-content\/uploads\/2025\/10\/oasis-03.webp 1132w, https:\/\/loasis.portquebec.ca\/wp-content\/uploads\/2025\/10\/oasis-03-265x300.webp 265w, https:\/\/loasis.portquebec.ca\/wp-content\/uploads\/2025\/10\/oasis-03-906x1024.webp 906w, https:\/\/loasis.portquebec.ca\/wp-content\/uploads\/2025\/10\/oasis-03-768x868.webp 768w, https:\/\/loasis.portquebec.ca\/wp-content\/uploads\/2025\/10\/oasis-03-800x905.webp 800w, https:\/\/loasis.portquebec.ca\/wp-content\/uploads\/2025\/10\/oasis-03-969x1096.webp 969w, https:\/\/loasis.portquebec.ca\/wp-content\/uploads\/2025\/10\/oasis-03-891x1008.webp 891w, https:\/\/loasis.portquebec.ca\/wp-content\/uploads\/2025\/10\/oasis-03-790x892.webp 790w, https:\/\/loasis.portquebec.ca\/wp-content\/uploads\/2025\/10\/oasis-03-770x871.webp 770w, https:\/\/loasis.portquebec.ca\/wp-content\/uploads\/2025\/10\/oasis-03-562x634.webp 562w, https:\/\/loasis.portquebec.ca\/wp-content\/uploads\/2025\/10\/oasis-03-97x110.webp 97w, https:\/\/loasis.portquebec.ca\/wp-content\/uploads\/2025\/10\/oasis-03-262x296.webp 262w\" sizes=\"auto, (max-width: 1132px) 100vw, 1132px\" \/>\n\t\t\t\t\t\t<img loading=\"lazy\" decoding=\"async\" width=\"790\" height=\"892\" src=\"https:\/\/loasis.portquebec.ca\/wp-content\/uploads\/2025\/10\/oasis-06.webp\" class=\"attachment-790_892 size-790_892\" alt=\"Three friends chat around an outdoor table with drinks.\" srcset=\"https:\/\/loasis.portquebec.ca\/wp-content\/uploads\/2025\/10\/oasis-06.webp 790w, https:\/\/loasis.portquebec.ca\/wp-content\/uploads\/2025\/10\/oasis-06-266x300.webp 266w, https:\/\/loasis.portquebec.ca\/wp-content\/uploads\/2025\/10\/oasis-06-768x867.webp 768w, https:\/\/loasis.portquebec.ca\/wp-content\/uploads\/2025\/10\/oasis-06-770x869.webp 770w, https:\/\/loasis.portquebec.ca\/wp-content\/uploads\/2025\/10\/oasis-06-562x634.webp 562w, https:\/\/loasis.portquebec.ca\/wp-content\/uploads\/2025\/10\/oasis-06-97x110.webp 97w, https:\/\/loasis.portquebec.ca\/wp-content\/uploads\/2025\/10\/oasis-06-262x296.webp 262w\" sizes=\"auto, (max-width: 790px) 100vw, 790px\" \/>\n\t\t\t\t\t<\/div>\n\t\t\t\t<\/div>\n\t\t\t<\/div>\n\n\t\t<\/div>\n\t<\/div>\n","protected":false},"excerpt":{"rendered":"","protected":false},"author":1,"featured_media":0,"parent":0,"menu_order":0,"comment_status":"closed","ping_status":"closed","template":"","meta":{"_acf_changed":false,"footnotes":""},"class_list":["post-187","page","type-page","status-publish","hentry"],"acf":[],"yoast_head":"<!-- This site is optimized with the Yoast SEO plugin v26.3 - https:\/\/yoast.com\/wordpress\/plugins\/seo\/ -->\n<title>Who we are - L&#039;Oasis du Port de Qu\u00e9bec<\/title>\n<meta name=\"robots\" content=\"index, follow, max-snippet:-1, max-image-preview:large, max-video-preview:-1\" \/>\n<link rel=\"canonical\" href=\"https:\/\/loasis.portquebec.ca\/en\/who-we-are\/\" \/>\n<meta property=\"og:locale\" content=\"en_US\" \/>\n<meta property=\"og:type\" content=\"article\" \/>\n<meta property=\"og:title\" content=\"Who we are - L&#039;Oasis du Port de Qu\u00e9bec\" \/>\n<meta property=\"og:url\" content=\"https:\/\/loasis.portquebec.ca\/en\/who-we-are\/\" \/>\n<meta property=\"og:site_name\" content=\"L&#039;Oasis du Port de Qu\u00e9bec\" \/>\n<meta property=\"article:publisher\" content=\"https:\/\/www.facebook.com\/Oasisportdequebec\" \/>\n<meta property=\"article:modified_time\" content=\"2025-10-22T15:38:22+00:00\" \/>\n<meta property=\"og:image\" content=\"https:\/\/loasis.portquebec.ca\/wp-content\/uploads\/2025\/10\/oasis-og-image.png\" \/>\n\t<meta property=\"og:image:width\" content=\"1200\" \/>\n\t<meta property=\"og:image:height\" content=\"630\" \/>\n\t<meta property=\"og:image:type\" content=\"image\/png\" \/>\n<meta name=\"twitter:card\" content=\"summary_large_image\" \/>\n<script type=\"application\/ld+json\" class=\"yoast-schema-graph\">{\"@context\":\"https:\/\/schema.org\",\"@graph\":[{\"@type\":\"WebPage\",\"@id\":\"https:\/\/loasis.portquebec.ca\/en\/who-we-are\/\",\"url\":\"https:\/\/loasis.portquebec.ca\/en\/who-we-are\/\",\"name\":\"Who we are - L&#039;Oasis du Port de Qu\u00e9bec\",\"isPartOf\":{\"@id\":\"https:\/\/loasis.portquebec.ca\/en\/#website\"},\"datePublished\":\"2025-09-24T14:49:09+00:00\",\"dateModified\":\"2025-10-22T15:38:22+00:00\",\"breadcrumb\":{\"@id\":\"https:\/\/loasis.portquebec.ca\/en\/who-we-are\/#breadcrumb\"},\"inLanguage\":\"en-US\",\"potentialAction\":[{\"@type\":\"ReadAction\",\"target\":[\"https:\/\/loasis.portquebec.ca\/en\/who-we-are\/\"]}]},{\"@type\":\"BreadcrumbList\",\"@id\":\"https:\/\/loasis.portquebec.ca\/en\/who-we-are\/#breadcrumb\",\"itemListElement\":[{\"@type\":\"ListItem\",\"position\":1,\"name\":\"Home\",\"item\":\"https:\/\/loasis.portquebec.ca\/en\/\"},{\"@type\":\"ListItem\",\"position\":2,\"name\":\"Who we are\"}]},{\"@type\":\"WebSite\",\"@id\":\"https:\/\/loasis.portquebec.ca\/en\/#website\",\"url\":\"https:\/\/loasis.portquebec.ca\/en\/\",\"name\":\"L'Oasis du Port de Qu\u00e9bec\",\"description\":\"\",\"publisher\":{\"@id\":\"https:\/\/loasis.portquebec.ca\/en\/#organization\"},\"potentialAction\":[{\"@type\":\"SearchAction\",\"target\":{\"@type\":\"EntryPoint\",\"urlTemplate\":\"https:\/\/loasis.portquebec.ca\/en\/?s={search_term_string}\"},\"query-input\":{\"@type\":\"PropertyValueSpecification\",\"valueRequired\":true,\"valueName\":\"search_term_string\"}}],\"inLanguage\":\"en-US\"},{\"@type\":\"Organization\",\"@id\":\"https:\/\/loasis.portquebec.ca\/en\/#organization\",\"name\":\"L'Oasis du Port de Qu\u00e9bec\",\"url\":\"https:\/\/loasis.portquebec.ca\/en\/\",\"logo\":{\"@type\":\"ImageObject\",\"inLanguage\":\"en-US\",\"@id\":\"https:\/\/loasis.portquebec.ca\/en\/#\/schema\/logo\/image\/\",\"url\":\"https:\/\/loasis.portquebec.ca\/wp-content\/uploads\/2025\/10\/logo.svg\",\"contentUrl\":\"https:\/\/loasis.portquebec.ca\/wp-content\/uploads\/2025\/10\/logo.svg\",\"width\":1,\"height\":1,\"caption\":\"L'Oasis du Port de Qu\u00e9bec\"},\"image\":{\"@id\":\"https:\/\/loasis.portquebec.ca\/en\/#\/schema\/logo\/image\/\"},\"sameAs\":[\"https:\/\/www.facebook.com\/Oasisportdequebec\",\"https:\/\/www.instagram.com\/loasisduportdequebec\"]}]}<\/script>\n<!-- \/ Yoast SEO plugin. -->","yoast_head_json":{"title":"Who we are - L&#039;Oasis du Port de Qu\u00e9bec","robots":{"index":"index","follow":"follow","max-snippet":"max-snippet:-1","max-image-preview":"max-image-preview:large","max-video-preview":"max-video-preview:-1"},"canonical":"https:\/\/loasis.portquebec.ca\/en\/who-we-are\/","og_locale":"en_US","og_type":"article","og_title":"Who we are - L&#039;Oasis du Port de Qu\u00e9bec","og_url":"https:\/\/loasis.portquebec.ca\/en\/who-we-are\/","og_site_name":"L&#039;Oasis du Port de Qu\u00e9bec","article_publisher":"https:\/\/www.facebook.com\/Oasisportdequebec","article_modified_time":"2025-10-22T15:38:22+00:00","og_image":[{"width":1200,"height":630,"url":"https:\/\/loasis.portquebec.ca\/wp-content\/uploads\/2025\/10\/oasis-og-image.png","type":"image\/png"}],"twitter_card":"summary_large_image","schema":{"@context":"https:\/\/schema.org","@graph":[{"@type":"WebPage","@id":"https:\/\/loasis.portquebec.ca\/en\/who-we-are\/","url":"https:\/\/loasis.portquebec.ca\/en\/who-we-are\/","name":"Who we are - L&#039;Oasis du Port de Qu\u00e9bec","isPartOf":{"@id":"https:\/\/loasis.portquebec.ca\/en\/#website"},"datePublished":"2025-09-24T14:49:09+00:00","dateModified":"2025-10-22T15:38:22+00:00","breadcrumb":{"@id":"https:\/\/loasis.portquebec.ca\/en\/who-we-are\/#breadcrumb"},"inLanguage":"en-US","potentialAction":[{"@type":"ReadAction","target":["https:\/\/loasis.portquebec.ca\/en\/who-we-are\/"]}]},{"@type":"BreadcrumbList","@id":"https:\/\/loasis.portquebec.ca\/en\/who-we-are\/#breadcrumb","itemListElement":[{"@type":"ListItem","position":1,"name":"Home","item":"https:\/\/loasis.portquebec.ca\/en\/"},{"@type":"ListItem","position":2,"name":"Who we are"}]},{"@type":"WebSite","@id":"https:\/\/loasis.portquebec.ca\/en\/#website","url":"https:\/\/loasis.portquebec.ca\/en\/","name":"L'Oasis du Port de Qu\u00e9bec","description":"","publisher":{"@id":"https:\/\/loasis.portquebec.ca\/en\/#organization"},"potentialAction":[{"@type":"SearchAction","target":{"@type":"EntryPoint","urlTemplate":"https:\/\/loasis.portquebec.ca\/en\/?s={search_term_string}"},"query-input":{"@type":"PropertyValueSpecification","valueRequired":true,"valueName":"search_term_string"}}],"inLanguage":"en-US"},{"@type":"Organization","@id":"https:\/\/loasis.portquebec.ca\/en\/#organization","name":"L'Oasis du Port de Qu\u00e9bec","url":"https:\/\/loasis.portquebec.ca\/en\/","logo":{"@type":"ImageObject","inLanguage":"en-US","@id":"https:\/\/loasis.portquebec.ca\/en\/#\/schema\/logo\/image\/","url":"https:\/\/loasis.portquebec.ca\/wp-content\/uploads\/2025\/10\/logo.svg","contentUrl":"https:\/\/loasis.portquebec.ca\/wp-content\/uploads\/2025\/10\/logo.svg","width":1,"height":1,"caption":"L'Oasis du Port de Qu\u00e9bec"},"image":{"@id":"https:\/\/loasis.portquebec.ca\/en\/#\/schema\/logo\/image\/"},"sameAs":["https:\/\/www.facebook.com\/Oasisportdequebec","https:\/\/www.instagram.com\/loasisduportdequebec"]}]}},"_links":{"self":[{"href":"https:\/\/loasis.portquebec.ca\/en\/wp-json\/wp\/v2\/pages\/187","targetHints":{"allow":["GET"]}}],"collection":[{"href":"https:\/\/loasis.portquebec.ca\/en\/wp-json\/wp\/v2\/pages"}],"about":[{"href":"https:\/\/loasis.portquebec.ca\/en\/wp-json\/wp\/v2\/types\/page"}],"author":[{"embeddable":true,"href":"https:\/\/loasis.portquebec.ca\/en\/wp-json\/wp\/v2\/users\/1"}],"replies":[{"embeddable":true,"href":"https:\/\/loasis.portquebec.ca\/en\/wp-json\/wp\/v2\/comments?post=187"}],"version-history":[{"count":9,"href":"https:\/\/loasis.portquebec.ca\/en\/wp-json\/wp\/v2\/pages\/187\/revisions"}],"predecessor-version":[{"id":1361,"href":"https:\/\/loasis.portquebec.ca\/en\/wp-json\/wp\/v2\/pages\/187\/revisions\/1361"}],"wp:attachment":[{"href":"https:\/\/loasis.portquebec.ca\/en\/wp-json\/wp\/v2\/media?parent=187"}],"curies":[{"name":"wp","href":"https:\/\/api.w.org\/{rel}","templated":true}]}}