{"id":1557,"date":"2025-10-24T15:43:16","date_gmt":"2025-10-24T19:43:16","guid":{"rendered":"https:\/\/loasis.portquebec.ca\/ambiance-relaxation\/"},"modified":"2025-11-04T17:31:42","modified_gmt":"2025-11-04T22:31:42","slug":"terrace","status":"publish","type":"page","link":"https:\/\/loasis.portquebec.ca\/en\/terrace\/","title":{"rendered":"Terrace"},"content":{"rendered":"\t<div class=\"item component-block-page-header wave wave--in-title wave--flipped wave--1 wave--color-2\">\n\t\t<div class=\"container\">\n\t\t\t<div class=\"block-page-header \">\n\t\t\t\t<div class=\"block-page-header__title\">\n\t\t\t\t\t<h1 class=\"h1\">Terrace<\/h1>\n\t\t\t\t\t\t\t\t\t\t\t<div class=\"wysiwyg\">\n\t\t\t\t\t\t\t<p>Whether you\u2019re with family, friends, or colleagues, L\u2019Oasis du Port de Qu\u00e9bec is the perfect place to relax, eat, and enjoy great company!<\/p>\n\n\t\t\t\t\t\t<\/div>\n\t\t\t\t\t\t\t\t\t<\/div>\n\t\t\t\t\t\t\t<\/div>\n\t\t<\/div>\n\t<\/div>\n\n\n\t<div class=\"item component-block-text-image background-color--2 wave wave--3 wave--color-2\">\n\t\t<div class=\"component-block-text-image__container\">\n\t\t\t<div class=\"container\">\n\t\t\t\t<div class=\"block-text-image \">\n\t\t\t\t\t<div class=\"block-text-image__content\">\n\t\t\t\t\t\t\t\t\t\t\t\t\t<h2 class=\"h2\">Vibe &#038; relaxation<\/h2>\n\t\t\t\t\t\t\n\t\t\t\t\t\t\t\t\t\t\t\t\t<div class=\"wysiwyg\">\n\t\t\t\t\t\t\t\t<p data-renderer-start-pos=\"1348\">Head under the big tent to sip some of the best cocktails in town while taking in the stunning view of the Port of Qu\u00e9bec Marina. Don\u2019t forget to treat your taste buds at La Folle Tabl\u00e9e counter, offering delicious paninis, refreshing salads, and ice cream to satisfy your sweet tooth. You\u2019re welcome to bring your own meal and enjoy a picnic on the docks, but please note that outside alcoholic beverages are not permitted on site.<\/p>\n<p data-renderer-start-pos=\"1782\">L\u2019Oasis also offers free Wi-Fi for anyone who\u2019d like to work remotely, host team meetings, or co-work in an exceptional waterfront setting.<\/p>\n<p data-renderer-start-pos=\"1923\">You\u2019re welcome to bring your own meal and enjoy a picnic on the docks, but please remember that outside alcoholic beverages are not allowed on the premises.<\/p>\n\n\t\t\t\t\t\t\t<\/div>\n\t\t\t\t\t\t\n\t\t\t\t\t\t\t\t\t\t\t<\/div>\n\t\t\t\t\t<div class=\"block-image-text__image\">\n\t\t\t\t\t\t\n\t\t\t\t\t\t<div class=\"block-image-text__image__container wave--left_icon wave-full--right_icon\">\n\t\t\t\t\t\t\t<img loading=\"lazy\" decoding=\"async\" width=\"790\" height=\"892\" src=\"https:\/\/loasis.portquebec.ca\/wp-content\/uploads\/2025\/10\/oasis-06.webp\" class=\"attachment-1184_1338 size-1184_1338\" alt=\"Three friends chat around an outdoor table with drinks.\" srcset=\"https:\/\/loasis.portquebec.ca\/wp-content\/uploads\/2025\/10\/oasis-06.webp 790w, https:\/\/loasis.portquebec.ca\/wp-content\/uploads\/2025\/10\/oasis-06-266x300.webp 266w, https:\/\/loasis.portquebec.ca\/wp-content\/uploads\/2025\/10\/oasis-06-768x867.webp 768w, https:\/\/loasis.portquebec.ca\/wp-content\/uploads\/2025\/10\/oasis-06-770x869.webp 770w, https:\/\/loasis.portquebec.ca\/wp-content\/uploads\/2025\/10\/oasis-06-562x634.webp 562w, https:\/\/loasis.portquebec.ca\/wp-content\/uploads\/2025\/10\/oasis-06-97x110.webp 97w, https:\/\/loasis.portquebec.ca\/wp-content\/uploads\/2025\/10\/oasis-06-262x296.webp 262w\" sizes=\"auto, (max-width: 790px) 100vw, 790px\" \/>\n\t\t\t\t\t\t<\/div>\n\t\t\t\t\t<\/div>\n\t\t\t\t<\/div>\n\t\t\t<\/div>\n\t\t<\/div>\n\t<\/div>\n\n\n\t<div class=\"item component-block-text-image background-color--1 wave wave--1 wave--color-1\">\n\t\t<div class=\"component-block-text-image__container\">\n\t\t\t<div class=\"container\">\n\t\t\t\t<div class=\"block-text-image block-text-image--is-reverse\">\n\t\t\t\t\t<div class=\"block-text-image__content\">\n\t\t\t\t\t\t\t\t\t\t\t\t\t<h2 class=\"h2\">Drinks<\/h2>\n\t\t\t\t\t\t\n\t\t\t\t\t\t\t\t\t\t\t\t\t<div class=\"wysiwyg\">\n\t\t\t\t\t\t\t\t<p>Port of Qu\u00e9bec Oasis invites you to discover its tropical flavored cocktails. A wide selection of local beers, craft beers and non-alcoholic beverages are also offered.<\/p>\n\n\t\t\t\t\t\t\t<\/div>\n\t\t\t\t\t\t\n\t\t\t\t\t\t\t\t\t\t\t\t\t<a href=\"https:\/\/loasis.portquebec.ca\/wp-content\/uploads\/2025\/10\/Oasis-Menu36x48-PRINT.pdf\" class=\"button button--primary\">\n\t\t\t\t\t\t\t\tSee full beverage menu\n\t\t\t\t\t\t\t\t\t\t\t\t\t\t\t\t\t<svg width=\"24\" height=\"24\" aria-hidden=\"true\" focusable=\"false\">\n\t\t\t\t\t\t\t\t\t\t<use xlink:href=\"#ico-external\" \/>\n\t\t\t\t\t\t\t\t\t<\/svg>\n\t\t\t\t\t\t\t\t\t\t\t\t\t\t\t<\/a>\n\t\t\t\t\t\t\t\t\t\t\t<\/div>\n\t\t\t\t\t<div class=\"block-image-text__image\">\n\t\t\t\t\t\t\n\t\t\t\t\t\t<div class=\"block-image-text__image__container wave-full--left_icon wave--right_icon\">\n\t\t\t\t\t\t\t<img loading=\"lazy\" decoding=\"async\" width=\"1184\" height=\"1338\" src=\"https:\/\/loasis.portquebec.ca\/wp-content\/uploads\/2025\/10\/cocktail.webp\" class=\"attachment-1184_1338 size-1184_1338\" alt=\"Two people clinking cocktails on a sunny patio.\" srcset=\"https:\/\/loasis.portquebec.ca\/wp-content\/uploads\/2025\/10\/cocktail.webp 1184w, https:\/\/loasis.portquebec.ca\/wp-content\/uploads\/2025\/10\/cocktail-265x300.webp 265w, https:\/\/loasis.portquebec.ca\/wp-content\/uploads\/2025\/10\/cocktail-906x1024.webp 906w, https:\/\/loasis.portquebec.ca\/wp-content\/uploads\/2025\/10\/cocktail-768x868.webp 768w, https:\/\/loasis.portquebec.ca\/wp-content\/uploads\/2025\/10\/cocktail-800x904.webp 800w, https:\/\/loasis.portquebec.ca\/wp-content\/uploads\/2025\/10\/cocktail-970x1096.webp 970w, https:\/\/loasis.portquebec.ca\/wp-content\/uploads\/2025\/10\/cocktail-892x1008.webp 892w, https:\/\/loasis.portquebec.ca\/wp-content\/uploads\/2025\/10\/cocktail-790x892.webp 790w, https:\/\/loasis.portquebec.ca\/wp-content\/uploads\/2025\/10\/cocktail-770x870.webp 770w, https:\/\/loasis.portquebec.ca\/wp-content\/uploads\/2025\/10\/cocktail-562x634.webp 562w, https:\/\/loasis.portquebec.ca\/wp-content\/uploads\/2025\/10\/cocktail-97x110.webp 97w, https:\/\/loasis.portquebec.ca\/wp-content\/uploads\/2025\/10\/cocktail-262x296.webp 262w\" sizes=\"auto, (max-width: 1184px) 100vw, 1184px\" \/>\n\t\t\t\t\t\t<\/div>\n\t\t\t\t\t<\/div>\n\t\t\t\t<\/div>\n\t\t\t<\/div>\n\t\t<\/div>\n\t<\/div>\n\n\n\t<div class=\"item component-block-text-image background-color--3 wave wave--1 wave--color-3\">\n\t\t<div class=\"component-block-text-image__container\">\n\t\t\t<div class=\"container\">\n\t\t\t\t<div class=\"block-text-image \">\n\t\t\t\t\t<div class=\"block-text-image__content\">\n\t\t\t\t\t\t\t\t\t\t\t\t\t<h2 class=\"h2\">Food<\/h2>\n\t\t\t\t\t\t\n\t\t\t\t\t\t\t\t\t\t\t\t\t<div class=\"wysiwyg\">\n\t\t\t\t\t\t\t\t<p>Feeling a little hungry? The site offers restaurant services operated by La Folle Tabl\u00e9e, which has designed an exclusive, diverse and affordable menu for the Port of Qu\u00e9bec Oasis. Paninis and summer salads and more are on the menu. Discover our menu for lunch. Bon app\u00e9tit!<\/p>\n\n\t\t\t\t\t\t\t<\/div>\n\t\t\t\t\t\t\n\t\t\t\t\t\t\t\t\t\t\t\t\t<a href=\"https:\/\/loasis.portquebec.ca\/wp-content\/uploads\/2025\/10\/menu-folle-tablee.pdf\" class=\"button button--primary\">\n\t\t\t\t\t\t\t\tSee full dining menu\n\t\t\t\t\t\t\t\t\t\t\t\t\t\t\t\t\t<svg width=\"24\" height=\"24\" aria-hidden=\"true\" focusable=\"false\">\n\t\t\t\t\t\t\t\t\t\t<use xlink:href=\"#ico-external\" \/>\n\t\t\t\t\t\t\t\t\t<\/svg>\n\t\t\t\t\t\t\t\t\t\t\t\t\t\t\t<\/a>\n\t\t\t\t\t\t\t\t\t\t\t<\/div>\n\t\t\t\t\t<div class=\"block-image-text__image\">\n\t\t\t\t\t\t\n\t\t\t\t\t\t<div class=\"block-image-text__image__container wave--left_icon wave-full--right_icon\">\n\t\t\t\t\t\t\t<img loading=\"lazy\" decoding=\"async\" width=\"1184\" height=\"1338\" src=\"https:\/\/loasis.portquebec.ca\/wp-content\/uploads\/2025\/10\/panini-1.webp\" class=\"attachment-1184_1338 size-1184_1338\" alt=\"Plate with a panini and a pasta salad\" srcset=\"https:\/\/loasis.portquebec.ca\/wp-content\/uploads\/2025\/10\/panini-1.webp 1184w, https:\/\/loasis.portquebec.ca\/wp-content\/uploads\/2025\/10\/panini-1-265x300.webp 265w, https:\/\/loasis.portquebec.ca\/wp-content\/uploads\/2025\/10\/panini-1-906x1024.webp 906w, https:\/\/loasis.portquebec.ca\/wp-content\/uploads\/2025\/10\/panini-1-768x868.webp 768w, https:\/\/loasis.portquebec.ca\/wp-content\/uploads\/2025\/10\/panini-1-800x904.webp 800w, https:\/\/loasis.portquebec.ca\/wp-content\/uploads\/2025\/10\/panini-1-970x1096.webp 970w, https:\/\/loasis.portquebec.ca\/wp-content\/uploads\/2025\/10\/panini-1-892x1008.webp 892w, https:\/\/loasis.portquebec.ca\/wp-content\/uploads\/2025\/10\/panini-1-790x892.webp 790w, https:\/\/loasis.portquebec.ca\/wp-content\/uploads\/2025\/10\/panini-1-770x870.webp 770w, https:\/\/loasis.portquebec.ca\/wp-content\/uploads\/2025\/10\/panini-1-562x634.webp 562w, https:\/\/loasis.portquebec.ca\/wp-content\/uploads\/2025\/10\/panini-1-97x110.webp 97w, https:\/\/loasis.portquebec.ca\/wp-content\/uploads\/2025\/10\/panini-1-262x296.webp 262w\" sizes=\"auto, (max-width: 1184px) 100vw, 1184px\" \/>\n\t\t\t\t\t\t<\/div>\n\t\t\t\t\t<\/div>\n\t\t\t\t<\/div>\n\t\t\t<\/div>\n\t\t<\/div>\n\t<\/div>\n\n\n\t<div class=\"item component-block-text-image background-color--2 \">\n\t\t<div class=\"component-block-text-image__container\">\n\t\t\t<div class=\"container\">\n\t\t\t\t<div class=\"block-text-image block-text-image--is-reverse\">\n\t\t\t\t\t<div class=\"block-text-image__content\">\n\t\t\t\t\t\t\t\t\t\t\t\t\t<h2 class=\"h2\">The creamery<\/h2>\n\t\t\t\t\t\t\n\t\t\t\t\t\t\t\t\t\t\t\t\t<div class=\"wysiwyg\">\n\t\t\t\t\t\t\t\t<p>On hot summer days, treat yourself to the frozen delights offered by La Folle Tabl\u00e9e! Their ice cream menu is overflowing with unique creations that will refresh your taste buds.<\/p>\n\n\t\t\t\t\t\t\t<\/div>\n\t\t\t\t\t\t\n\t\t\t\t\t\t\t\t\t\t\t\t\t<a href=\"https:\/\/loasis.portquebec.ca\/wp-content\/uploads\/2025\/10\/LFT_MenuOasis2024_V1.pdf\" class=\"button button--primary\">\n\t\t\t\t\t\t\t\tSee full creamery menu\n\t\t\t\t\t\t\t\t\t\t\t\t\t\t\t\t\t<svg width=\"24\" height=\"24\" aria-hidden=\"true\" focusable=\"false\">\n\t\t\t\t\t\t\t\t\t\t<use xlink:href=\"#ico-external\" \/>\n\t\t\t\t\t\t\t\t\t<\/svg>\n\t\t\t\t\t\t\t\t\t\t\t\t\t\t\t<\/a>\n\t\t\t\t\t\t\t\t\t\t\t<\/div>\n\t\t\t\t\t<div class=\"block-image-text__image\">\n\t\t\t\t\t\t\n\t\t\t\t\t\t<div class=\"block-image-text__image__container wave--left_icon wave-full--right_icon\">\n\t\t\t\t\t\t\t<img loading=\"lazy\" decoding=\"async\" width=\"1184\" height=\"1338\" src=\"https:\/\/loasis.portquebec.ca\/wp-content\/uploads\/2025\/10\/cremerie.webp\" class=\"attachment-1184_1338 size-1184_1338\" alt=\"Hand holding a green melon pan with pink ice cream\" srcset=\"https:\/\/loasis.portquebec.ca\/wp-content\/uploads\/2025\/10\/cremerie.webp 1184w, https:\/\/loasis.portquebec.ca\/wp-content\/uploads\/2025\/10\/cremerie-265x300.webp 265w, https:\/\/loasis.portquebec.ca\/wp-content\/uploads\/2025\/10\/cremerie-906x1024.webp 906w, https:\/\/loasis.portquebec.ca\/wp-content\/uploads\/2025\/10\/cremerie-768x868.webp 768w, https:\/\/loasis.portquebec.ca\/wp-content\/uploads\/2025\/10\/cremerie-800x904.webp 800w, https:\/\/loasis.portquebec.ca\/wp-content\/uploads\/2025\/10\/cremerie-970x1096.webp 970w, https:\/\/loasis.portquebec.ca\/wp-content\/uploads\/2025\/10\/cremerie-892x1008.webp 892w, https:\/\/loasis.portquebec.ca\/wp-content\/uploads\/2025\/10\/cremerie-790x892.webp 790w, https:\/\/loasis.portquebec.ca\/wp-content\/uploads\/2025\/10\/cremerie-770x870.webp 770w, https:\/\/loasis.portquebec.ca\/wp-content\/uploads\/2025\/10\/cremerie-562x634.webp 562w, https:\/\/loasis.portquebec.ca\/wp-content\/uploads\/2025\/10\/cremerie-97x110.webp 97w, https:\/\/loasis.portquebec.ca\/wp-content\/uploads\/2025\/10\/cremerie-262x296.webp 262w\" sizes=\"auto, (max-width: 1184px) 100vw, 1184px\" \/>\n\t\t\t\t\t\t<\/div>\n\t\t\t\t\t<\/div>\n\t\t\t\t<\/div>\n\t\t\t<\/div>\n\t\t<\/div>\n\t<\/div>\n","protected":false},"excerpt":{"rendered":"","protected":false},"author":1,"featured_media":0,"parent":0,"menu_order":0,"comment_status":"closed","ping_status":"closed","template":"","meta":{"_acf_changed":false,"footnotes":""},"class_list":["post-1557","page","type-page","status-publish","hentry"],"acf":[],"yoast_head":"<!-- This site is optimized with the Yoast SEO plugin v26.3 - https:\/\/yoast.com\/wordpress\/plugins\/seo\/ -->\n<title>Terrace - L&#039;Oasis du Port de Qu\u00e9bec<\/title>\n<meta name=\"robots\" content=\"index, follow, max-snippet:-1, max-image-preview:large, max-video-preview:-1\" \/>\n<link rel=\"canonical\" href=\"https:\/\/loasis.portquebec.ca\/en\/terrace\/\" \/>\n<meta property=\"og:locale\" content=\"en_US\" \/>\n<meta property=\"og:type\" content=\"article\" \/>\n<meta property=\"og:title\" content=\"Terrace - L&#039;Oasis du Port de Qu\u00e9bec\" \/>\n<meta property=\"og:url\" content=\"https:\/\/loasis.portquebec.ca\/en\/terrace\/\" \/>\n<meta property=\"og:site_name\" content=\"L&#039;Oasis du Port de Qu\u00e9bec\" \/>\n<meta property=\"article:publisher\" content=\"https:\/\/www.facebook.com\/Oasisportdequebec\" \/>\n<meta property=\"article:modified_time\" content=\"2025-11-04T22:31:42+00:00\" \/>\n<meta property=\"og:image\" content=\"https:\/\/loasis.portquebec.ca\/wp-content\/uploads\/2025\/10\/oasis-og-image.png\" \/>\n\t<meta property=\"og:image:width\" content=\"1200\" \/>\n\t<meta property=\"og:image:height\" content=\"630\" \/>\n\t<meta property=\"og:image:type\" content=\"image\/png\" \/>\n<meta name=\"twitter:card\" content=\"summary_large_image\" \/>\n<script type=\"application\/ld+json\" class=\"yoast-schema-graph\">{\"@context\":\"https:\/\/schema.org\",\"@graph\":[{\"@type\":\"WebPage\",\"@id\":\"https:\/\/loasis.portquebec.ca\/en\/terrace\/\",\"url\":\"https:\/\/loasis.portquebec.ca\/en\/terrace\/\",\"name\":\"Terrace - L&#039;Oasis du Port de Qu\u00e9bec\",\"isPartOf\":{\"@id\":\"https:\/\/loasis.portquebec.ca\/en\/#website\"},\"datePublished\":\"2025-10-24T19:43:16+00:00\",\"dateModified\":\"2025-11-04T22:31:42+00:00\",\"breadcrumb\":{\"@id\":\"https:\/\/loasis.portquebec.ca\/en\/terrace\/#breadcrumb\"},\"inLanguage\":\"en-US\",\"potentialAction\":[{\"@type\":\"ReadAction\",\"target\":[\"https:\/\/loasis.portquebec.ca\/en\/terrace\/\"]}]},{\"@type\":\"BreadcrumbList\",\"@id\":\"https:\/\/loasis.portquebec.ca\/en\/terrace\/#breadcrumb\",\"itemListElement\":[{\"@type\":\"ListItem\",\"position\":1,\"name\":\"Home\",\"item\":\"https:\/\/loasis.portquebec.ca\/en\/\"},{\"@type\":\"ListItem\",\"position\":2,\"name\":\"Terrace\"}]},{\"@type\":\"WebSite\",\"@id\":\"https:\/\/loasis.portquebec.ca\/en\/#website\",\"url\":\"https:\/\/loasis.portquebec.ca\/en\/\",\"name\":\"L'Oasis du Port de Qu\u00e9bec\",\"description\":\"\",\"publisher\":{\"@id\":\"https:\/\/loasis.portquebec.ca\/en\/#organization\"},\"potentialAction\":[{\"@type\":\"SearchAction\",\"target\":{\"@type\":\"EntryPoint\",\"urlTemplate\":\"https:\/\/loasis.portquebec.ca\/en\/?s={search_term_string}\"},\"query-input\":{\"@type\":\"PropertyValueSpecification\",\"valueRequired\":true,\"valueName\":\"search_term_string\"}}],\"inLanguage\":\"en-US\"},{\"@type\":\"Organization\",\"@id\":\"https:\/\/loasis.portquebec.ca\/en\/#organization\",\"name\":\"L'Oasis du Port de Qu\u00e9bec\",\"url\":\"https:\/\/loasis.portquebec.ca\/en\/\",\"logo\":{\"@type\":\"ImageObject\",\"inLanguage\":\"en-US\",\"@id\":\"https:\/\/loasis.portquebec.ca\/en\/#\/schema\/logo\/image\/\",\"url\":\"https:\/\/loasis.portquebec.ca\/wp-content\/uploads\/2025\/10\/logo.svg\",\"contentUrl\":\"https:\/\/loasis.portquebec.ca\/wp-content\/uploads\/2025\/10\/logo.svg\",\"width\":1,\"height\":1,\"caption\":\"L'Oasis du Port de Qu\u00e9bec\"},\"image\":{\"@id\":\"https:\/\/loasis.portquebec.ca\/en\/#\/schema\/logo\/image\/\"},\"sameAs\":[\"https:\/\/www.facebook.com\/Oasisportdequebec\",\"https:\/\/www.instagram.com\/loasisduportdequebec\"]}]}<\/script>\n<!-- \/ Yoast SEO plugin. -->","yoast_head_json":{"title":"Terrace - L&#039;Oasis du Port de Qu\u00e9bec","robots":{"index":"index","follow":"follow","max-snippet":"max-snippet:-1","max-image-preview":"max-image-preview:large","max-video-preview":"max-video-preview:-1"},"canonical":"https:\/\/loasis.portquebec.ca\/en\/terrace\/","og_locale":"en_US","og_type":"article","og_title":"Terrace - L&#039;Oasis du Port de Qu\u00e9bec","og_url":"https:\/\/loasis.portquebec.ca\/en\/terrace\/","og_site_name":"L&#039;Oasis du Port de Qu\u00e9bec","article_publisher":"https:\/\/www.facebook.com\/Oasisportdequebec","article_modified_time":"2025-11-04T22:31:42+00:00","og_image":[{"width":1200,"height":630,"url":"https:\/\/loasis.portquebec.ca\/wp-content\/uploads\/2025\/10\/oasis-og-image.png","type":"image\/png"}],"twitter_card":"summary_large_image","schema":{"@context":"https:\/\/schema.org","@graph":[{"@type":"WebPage","@id":"https:\/\/loasis.portquebec.ca\/en\/terrace\/","url":"https:\/\/loasis.portquebec.ca\/en\/terrace\/","name":"Terrace - L&#039;Oasis du Port de Qu\u00e9bec","isPartOf":{"@id":"https:\/\/loasis.portquebec.ca\/en\/#website"},"datePublished":"2025-10-24T19:43:16+00:00","dateModified":"2025-11-04T22:31:42+00:00","breadcrumb":{"@id":"https:\/\/loasis.portquebec.ca\/en\/terrace\/#breadcrumb"},"inLanguage":"en-US","potentialAction":[{"@type":"ReadAction","target":["https:\/\/loasis.portquebec.ca\/en\/terrace\/"]}]},{"@type":"BreadcrumbList","@id":"https:\/\/loasis.portquebec.ca\/en\/terrace\/#breadcrumb","itemListElement":[{"@type":"ListItem","position":1,"name":"Home","item":"https:\/\/loasis.portquebec.ca\/en\/"},{"@type":"ListItem","position":2,"name":"Terrace"}]},{"@type":"WebSite","@id":"https:\/\/loasis.portquebec.ca\/en\/#website","url":"https:\/\/loasis.portquebec.ca\/en\/","name":"L'Oasis du Port de Qu\u00e9bec","description":"","publisher":{"@id":"https:\/\/loasis.portquebec.ca\/en\/#organization"},"potentialAction":[{"@type":"SearchAction","target":{"@type":"EntryPoint","urlTemplate":"https:\/\/loasis.portquebec.ca\/en\/?s={search_term_string}"},"query-input":{"@type":"PropertyValueSpecification","valueRequired":true,"valueName":"search_term_string"}}],"inLanguage":"en-US"},{"@type":"Organization","@id":"https:\/\/loasis.portquebec.ca\/en\/#organization","name":"L'Oasis du Port de Qu\u00e9bec","url":"https:\/\/loasis.portquebec.ca\/en\/","logo":{"@type":"ImageObject","inLanguage":"en-US","@id":"https:\/\/loasis.portquebec.ca\/en\/#\/schema\/logo\/image\/","url":"https:\/\/loasis.portquebec.ca\/wp-content\/uploads\/2025\/10\/logo.svg","contentUrl":"https:\/\/loasis.portquebec.ca\/wp-content\/uploads\/2025\/10\/logo.svg","width":1,"height":1,"caption":"L'Oasis du Port de Qu\u00e9bec"},"image":{"@id":"https:\/\/loasis.portquebec.ca\/en\/#\/schema\/logo\/image\/"},"sameAs":["https:\/\/www.facebook.com\/Oasisportdequebec","https:\/\/www.instagram.com\/loasisduportdequebec"]}]}},"_links":{"self":[{"href":"https:\/\/loasis.portquebec.ca\/en\/wp-json\/wp\/v2\/pages\/1557","targetHints":{"allow":["GET"]}}],"collection":[{"href":"https:\/\/loasis.portquebec.ca\/en\/wp-json\/wp\/v2\/pages"}],"about":[{"href":"https:\/\/loasis.portquebec.ca\/en\/wp-json\/wp\/v2\/types\/page"}],"author":[{"embeddable":true,"href":"https:\/\/loasis.portquebec.ca\/en\/wp-json\/wp\/v2\/users\/1"}],"replies":[{"embeddable":true,"href":"https:\/\/loasis.portquebec.ca\/en\/wp-json\/wp\/v2\/comments?post=1557"}],"version-history":[{"count":8,"href":"https:\/\/loasis.portquebec.ca\/en\/wp-json\/wp\/v2\/pages\/1557\/revisions"}],"predecessor-version":[{"id":1833,"href":"https:\/\/loasis.portquebec.ca\/en\/wp-json\/wp\/v2\/pages\/1557\/revisions\/1833"}],"wp:attachment":[{"href":"https:\/\/loasis.portquebec.ca\/en\/wp-json\/wp\/v2\/media?parent=1557"}],"curies":[{"name":"wp","href":"https:\/\/api.w.org\/{rel}","templated":true}]}}