{"id":1252,"date":"2025-10-20T09:48:04","date_gmt":"2025-10-20T13:48:04","guid":{"rendered":"https:\/\/loasis.portquebec.ca\/?page_id=1252"},"modified":"2026-04-14T13:11:09","modified_gmt":"2026-04-14T17:11:09","slug":"access-and-rules","status":"publish","type":"page","link":"https:\/\/loasis.portquebec.ca\/en\/access-and-rules\/","title":{"rendered":"Access and rules"},"content":{"rendered":"\t<div class=\"item component-block-page-header wave wave--in-title wave--flipped wave--1 wave--color-2\">\n\t\t<div class=\"container\">\n\t\t\t<div class=\"block-page-header \">\n\t\t\t\t<div class=\"block-page-header__title\">\n\t\t\t\t\t<h1 class=\"h1\">Access and rules<\/h1>\n\t\t\t\t\t\t\t\t\t\t\t<div class=\"wysiwyg\">\n\t\t\t\t\t\t\t<p>Port of Qu\u00e9bec Oasis offers an unforgettable swimming experience in the St. Lawrence River!<\/p>\n<p>First harbour bath in North America, its swimming lanes and swimming area make it a unique site to enjoy the pleasures of the summer season.<\/p>\n\n\t\t\t\t\t\t<\/div>\n\t\t\t\t\t\t\t\t\t<\/div>\n\t\t\t\t\t\t\t<\/div>\n\t\t<\/div>\n\t<\/div>\n\n\n\t<div class=\"item component-block-text background-color--2 wave wave--3 wave--color-2\">\n\t\t<div  class=\"container container--small\">\n\t\t\t<div class=\"block-text \">\n\t\t\t\t<div class=\"wysiwyg\">\n\t\t\t\t\t<ul>\n<li>The Port of Qu\u00e9bec Oasis is open from June 19 to August 30.<\/li>\n<li>The site is open for swimming every day from 11 am to 7 pm.<\/li>\n<li>The terrace is open every weekday from 11 a.m. to 10 p.m., on Fridays from 11 a.m. to 11 p.m. and weekends from 11 a.m. to 10 p.m.<\/li>\n<li>Access to the site is free, including access to the swimming lanes and harbour bath.<\/li>\n<li>Children under the age of 12 must be accompanied by an adult and pass a swimming aptitude test to swim without a float vest<\/li>\n<li>Children 7 years and under must wear a float vest<\/li>\n<li>No swimming under water and under the docks<\/li>\n<li>No glass containers allowed on the site<\/li>\n<li><span style=\"font-weight: 400;\">Swimming is prohibited for individuals with diarrhea, contagious skin lesions, or any other condition that poses a risk of spreading infection or contaminating the water<\/span><\/li>\n<li><span style=\"font-weight: 400;\">It is prohibited to hold one\u2019s breath for prolonged and repeated periods, except as part of a supervised activity<\/span><\/li>\n<\/ul>\n\n\t\t\t\t<\/div>\n\t\t\t\t\t\t\t<\/div>\n\t\t<\/div>\n\t<\/div>\n\n\n\t<div class=\"item component-block-text-image background-color--3 wave wave--3 wave--color-3\">\n\t\t<div class=\"component-block-text-image__container\">\n\t\t\t<div class=\"container\">\n\t\t\t\t<div class=\"block-text-image \">\n\t\t\t\t\t<div class=\"block-text-image__content\">\n\t\t\t\t\t\t\t\t\t\t\t\t\t<h2 class=\"h2\">Prices<\/h2>\n\t\t\t\t\t\t\n\t\t\t\t\t\t\t\t\t\t\t\t\t<div class=\"wysiwyg\">\n\t\t\t\t\t\t\t\t<p>Access to the site, the swim lanes and the swimming area is free. To enjoy shows and events under the tent, the purchase of a beverage is mandatory. Check out the <a href=\"https:\/\/loasis.portquebec.ca\/en\/terrace\/\">Drinks<\/a> section for menus and prices.<\/p>\n\n\t\t\t\t\t\t\t<\/div>\n\t\t\t\t\t\t\n\t\t\t\t\t\t\t\t\t\t\t<\/div>\n\t\t\t\t\t<div class=\"block-image-text__image\">\n\t\t\t\t\t\t\n\t\t\t\t\t\t<div class=\"block-image-text__image__container wave--left_icon wave-full--right_icon\">\n\t\t\t\t\t\t\t<img loading=\"lazy\" decoding=\"async\" width=\"1184\" height=\"1338\" src=\"https:\/\/loasis.portquebec.ca\/wp-content\/uploads\/2025\/10\/R5__1931.webp\" class=\"attachment-1184_1338 size-1184_1338\" alt=\"Gar\u00e7on portant un gilet de sauvetage dans une \u00e9chelle menant \u00e0 la piscine\" srcset=\"https:\/\/loasis.portquebec.ca\/wp-content\/uploads\/2025\/10\/R5__1931.webp 1184w, https:\/\/loasis.portquebec.ca\/wp-content\/uploads\/2025\/10\/R5__1931-265x300.webp 265w, https:\/\/loasis.portquebec.ca\/wp-content\/uploads\/2025\/10\/R5__1931-906x1024.webp 906w, https:\/\/loasis.portquebec.ca\/wp-content\/uploads\/2025\/10\/R5__1931-768x868.webp 768w, https:\/\/loasis.portquebec.ca\/wp-content\/uploads\/2025\/10\/R5__1931-800x904.webp 800w, https:\/\/loasis.portquebec.ca\/wp-content\/uploads\/2025\/10\/R5__1931-970x1096.webp 970w, https:\/\/loasis.portquebec.ca\/wp-content\/uploads\/2025\/10\/R5__1931-892x1008.webp 892w, https:\/\/loasis.portquebec.ca\/wp-content\/uploads\/2025\/10\/R5__1931-790x892.webp 790w, https:\/\/loasis.portquebec.ca\/wp-content\/uploads\/2025\/10\/R5__1931-770x870.webp 770w, https:\/\/loasis.portquebec.ca\/wp-content\/uploads\/2025\/10\/R5__1931-562x634.webp 562w, https:\/\/loasis.portquebec.ca\/wp-content\/uploads\/2025\/10\/R5__1931-97x110.webp 97w, https:\/\/loasis.portquebec.ca\/wp-content\/uploads\/2025\/10\/R5__1931-262x296.webp 262w\" sizes=\"auto, (max-width: 1184px) 100vw, 1184px\" \/>\n\t\t\t\t\t\t<\/div>\n\t\t\t\t\t<\/div>\n\t\t\t\t<\/div>\n\t\t\t<\/div>\n\t\t<\/div>\n\t<\/div>\n\n\n\t<div class=\"item component-block-text background-color--2 \">\n\t\t<div  id=\"universal-accessibility\"  class=\"container container--small\">\n\t\t\t<div class=\"block-text \">\n\t\t\t\t<div class=\"wysiwyg\">\n\t\t\t\t\t<h2>Universal accessibility<\/h2>\n<p>At L\u2019Oasis, we care deeply about ensuring that everyone can enjoy our atmosphere and our exceptional view of the docks.<br \/>\nThat\u2019s why we\u2019ve set up a table accessible to people with reduced mobility, including a designated space for wheelchairs. Our fence design also makes it easier for accompanied visitors to access the swimming area.<\/p>\n\n\t\t\t\t<\/div>\n\t\t\t\t\t\t\t<\/div>\n\t\t<\/div>\n\t<\/div>\n","protected":false},"excerpt":{"rendered":"","protected":false},"author":1,"featured_media":0,"parent":0,"menu_order":0,"comment_status":"closed","ping_status":"closed","template":"","meta":{"_acf_changed":false,"footnotes":""},"class_list":["post-1252","page","type-page","status-publish","hentry"],"acf":[],"yoast_head":"<!-- This site is optimized with the Yoast SEO plugin v26.3 - https:\/\/yoast.com\/wordpress\/plugins\/seo\/ -->\n<title>Access and rules - L&#039;Oasis du Port de Qu\u00e9bec<\/title>\n<meta name=\"robots\" content=\"index, follow, max-snippet:-1, max-image-preview:large, max-video-preview:-1\" \/>\n<link rel=\"canonical\" href=\"https:\/\/loasis.portquebec.ca\/en\/access-and-rules\/\" \/>\n<meta property=\"og:locale\" content=\"en_US\" \/>\n<meta property=\"og:type\" content=\"article\" \/>\n<meta property=\"og:title\" content=\"Access and rules - L&#039;Oasis du Port de Qu\u00e9bec\" \/>\n<meta property=\"og:url\" content=\"https:\/\/loasis.portquebec.ca\/en\/access-and-rules\/\" \/>\n<meta property=\"og:site_name\" content=\"L&#039;Oasis du Port de Qu\u00e9bec\" \/>\n<meta property=\"article:publisher\" content=\"https:\/\/www.facebook.com\/Oasisportdequebec\" \/>\n<meta property=\"article:modified_time\" content=\"2026-04-14T17:11:09+00:00\" \/>\n<meta property=\"og:image\" content=\"https:\/\/loasis.portquebec.ca\/wp-content\/uploads\/2025\/10\/oasis-og-image.png\" \/>\n\t<meta property=\"og:image:width\" content=\"1200\" \/>\n\t<meta property=\"og:image:height\" content=\"630\" \/>\n\t<meta property=\"og:image:type\" content=\"image\/png\" \/>\n<meta name=\"twitter:card\" content=\"summary_large_image\" \/>\n<script type=\"application\/ld+json\" class=\"yoast-schema-graph\">{\"@context\":\"https:\/\/schema.org\",\"@graph\":[{\"@type\":\"WebPage\",\"@id\":\"https:\/\/loasis.portquebec.ca\/en\/access-and-rules\/\",\"url\":\"https:\/\/loasis.portquebec.ca\/en\/access-and-rules\/\",\"name\":\"Access and rules - L&#039;Oasis du Port de Qu\u00e9bec\",\"isPartOf\":{\"@id\":\"https:\/\/loasis.portquebec.ca\/en\/#website\"},\"datePublished\":\"2025-10-20T13:48:04+00:00\",\"dateModified\":\"2026-04-14T17:11:09+00:00\",\"breadcrumb\":{\"@id\":\"https:\/\/loasis.portquebec.ca\/en\/access-and-rules\/#breadcrumb\"},\"inLanguage\":\"en-US\",\"potentialAction\":[{\"@type\":\"ReadAction\",\"target\":[\"https:\/\/loasis.portquebec.ca\/en\/access-and-rules\/\"]}]},{\"@type\":\"BreadcrumbList\",\"@id\":\"https:\/\/loasis.portquebec.ca\/en\/access-and-rules\/#breadcrumb\",\"itemListElement\":[{\"@type\":\"ListItem\",\"position\":1,\"name\":\"Home\",\"item\":\"https:\/\/loasis.portquebec.ca\/en\/\"},{\"@type\":\"ListItem\",\"position\":2,\"name\":\"Access and rules\"}]},{\"@type\":\"WebSite\",\"@id\":\"https:\/\/loasis.portquebec.ca\/en\/#website\",\"url\":\"https:\/\/loasis.portquebec.ca\/en\/\",\"name\":\"L'Oasis du Port de Qu\u00e9bec\",\"description\":\"\",\"publisher\":{\"@id\":\"https:\/\/loasis.portquebec.ca\/en\/#organization\"},\"potentialAction\":[{\"@type\":\"SearchAction\",\"target\":{\"@type\":\"EntryPoint\",\"urlTemplate\":\"https:\/\/loasis.portquebec.ca\/en\/?s={search_term_string}\"},\"query-input\":{\"@type\":\"PropertyValueSpecification\",\"valueRequired\":true,\"valueName\":\"search_term_string\"}}],\"inLanguage\":\"en-US\"},{\"@type\":\"Organization\",\"@id\":\"https:\/\/loasis.portquebec.ca\/en\/#organization\",\"name\":\"L'Oasis du Port de Qu\u00e9bec\",\"url\":\"https:\/\/loasis.portquebec.ca\/en\/\",\"logo\":{\"@type\":\"ImageObject\",\"inLanguage\":\"en-US\",\"@id\":\"https:\/\/loasis.portquebec.ca\/en\/#\/schema\/logo\/image\/\",\"url\":\"https:\/\/loasis.portquebec.ca\/wp-content\/uploads\/2025\/10\/logo.svg\",\"contentUrl\":\"https:\/\/loasis.portquebec.ca\/wp-content\/uploads\/2025\/10\/logo.svg\",\"width\":1,\"height\":1,\"caption\":\"L'Oasis du Port de Qu\u00e9bec\"},\"image\":{\"@id\":\"https:\/\/loasis.portquebec.ca\/en\/#\/schema\/logo\/image\/\"},\"sameAs\":[\"https:\/\/www.facebook.com\/Oasisportdequebec\",\"https:\/\/www.instagram.com\/loasisduportdequebec\"]}]}<\/script>\n<!-- \/ Yoast SEO plugin. -->","yoast_head_json":{"title":"Access and rules - L&#039;Oasis du Port de Qu\u00e9bec","robots":{"index":"index","follow":"follow","max-snippet":"max-snippet:-1","max-image-preview":"max-image-preview:large","max-video-preview":"max-video-preview:-1"},"canonical":"https:\/\/loasis.portquebec.ca\/en\/access-and-rules\/","og_locale":"en_US","og_type":"article","og_title":"Access and rules - L&#039;Oasis du Port de Qu\u00e9bec","og_url":"https:\/\/loasis.portquebec.ca\/en\/access-and-rules\/","og_site_name":"L&#039;Oasis du Port de Qu\u00e9bec","article_publisher":"https:\/\/www.facebook.com\/Oasisportdequebec","article_modified_time":"2026-04-14T17:11:09+00:00","og_image":[{"width":1200,"height":630,"url":"https:\/\/loasis.portquebec.ca\/wp-content\/uploads\/2025\/10\/oasis-og-image.png","type":"image\/png"}],"twitter_card":"summary_large_image","schema":{"@context":"https:\/\/schema.org","@graph":[{"@type":"WebPage","@id":"https:\/\/loasis.portquebec.ca\/en\/access-and-rules\/","url":"https:\/\/loasis.portquebec.ca\/en\/access-and-rules\/","name":"Access and rules - L&#039;Oasis du Port de Qu\u00e9bec","isPartOf":{"@id":"https:\/\/loasis.portquebec.ca\/en\/#website"},"datePublished":"2025-10-20T13:48:04+00:00","dateModified":"2026-04-14T17:11:09+00:00","breadcrumb":{"@id":"https:\/\/loasis.portquebec.ca\/en\/access-and-rules\/#breadcrumb"},"inLanguage":"en-US","potentialAction":[{"@type":"ReadAction","target":["https:\/\/loasis.portquebec.ca\/en\/access-and-rules\/"]}]},{"@type":"BreadcrumbList","@id":"https:\/\/loasis.portquebec.ca\/en\/access-and-rules\/#breadcrumb","itemListElement":[{"@type":"ListItem","position":1,"name":"Home","item":"https:\/\/loasis.portquebec.ca\/en\/"},{"@type":"ListItem","position":2,"name":"Access and rules"}]},{"@type":"WebSite","@id":"https:\/\/loasis.portquebec.ca\/en\/#website","url":"https:\/\/loasis.portquebec.ca\/en\/","name":"L'Oasis du Port de Qu\u00e9bec","description":"","publisher":{"@id":"https:\/\/loasis.portquebec.ca\/en\/#organization"},"potentialAction":[{"@type":"SearchAction","target":{"@type":"EntryPoint","urlTemplate":"https:\/\/loasis.portquebec.ca\/en\/?s={search_term_string}"},"query-input":{"@type":"PropertyValueSpecification","valueRequired":true,"valueName":"search_term_string"}}],"inLanguage":"en-US"},{"@type":"Organization","@id":"https:\/\/loasis.portquebec.ca\/en\/#organization","name":"L'Oasis du Port de Qu\u00e9bec","url":"https:\/\/loasis.portquebec.ca\/en\/","logo":{"@type":"ImageObject","inLanguage":"en-US","@id":"https:\/\/loasis.portquebec.ca\/en\/#\/schema\/logo\/image\/","url":"https:\/\/loasis.portquebec.ca\/wp-content\/uploads\/2025\/10\/logo.svg","contentUrl":"https:\/\/loasis.portquebec.ca\/wp-content\/uploads\/2025\/10\/logo.svg","width":1,"height":1,"caption":"L'Oasis du Port de Qu\u00e9bec"},"image":{"@id":"https:\/\/loasis.portquebec.ca\/en\/#\/schema\/logo\/image\/"},"sameAs":["https:\/\/www.facebook.com\/Oasisportdequebec","https:\/\/www.instagram.com\/loasisduportdequebec"]}]}},"_links":{"self":[{"href":"https:\/\/loasis.portquebec.ca\/en\/wp-json\/wp\/v2\/pages\/1252","targetHints":{"allow":["GET"]}}],"collection":[{"href":"https:\/\/loasis.portquebec.ca\/en\/wp-json\/wp\/v2\/pages"}],"about":[{"href":"https:\/\/loasis.portquebec.ca\/en\/wp-json\/wp\/v2\/types\/page"}],"author":[{"embeddable":true,"href":"https:\/\/loasis.portquebec.ca\/en\/wp-json\/wp\/v2\/users\/1"}],"replies":[{"embeddable":true,"href":"https:\/\/loasis.portquebec.ca\/en\/wp-json\/wp\/v2\/comments?post=1252"}],"version-history":[{"count":11,"href":"https:\/\/loasis.portquebec.ca\/en\/wp-json\/wp\/v2\/pages\/1252\/revisions"}],"predecessor-version":[{"id":1914,"href":"https:\/\/loasis.portquebec.ca\/en\/wp-json\/wp\/v2\/pages\/1252\/revisions\/1914"}],"wp:attachment":[{"href":"https:\/\/loasis.portquebec.ca\/en\/wp-json\/wp\/v2\/media?parent=1252"}],"curies":[{"name":"wp","href":"https:\/\/api.w.org\/{rel}","templated":true}]}}